
{"id":96,"date":"2013-06-03T14:07:29","date_gmt":"2013-06-03T18:07:29","guid":{"rendered":"https:\/\/sabm.ca\/?page_id=96"},"modified":"2024-09-12T09:06:51","modified_gmt":"2024-09-12T13:06:51","slug":"activities-for-members","status":"publish","type":"page","link":"https:\/\/amisdubiodome.ca\/en\/activities-for-members\/","title":{"rendered":"Activities for members"},"content":{"rendered":"<p>&nbsp;<\/p>\n<ul>\n<li><span style=\"font-weight: 400;\">Please take note that<\/span><span style=\"font-weight: 400;\">\u00a0<\/span><span style=\"font-weight: 400;\">activities are only offered in <\/span><span style=\"font-weight: 400;\">F<\/span><span style=\"font-weight: 400;\">rench.<\/span><\/li>\n<li><span style=\"font-weight: 400;\">Activities are offer<\/span><span style=\"font-weight: 400;\">ed<\/span><span style=\"font-weight: 400;\"> exclusively to our members! <\/span> To <a href=\"\/?page_id=11737\">become a member&#8230;<\/a><\/li>\n<li><span style=\"font-weight: 400;\">Registration is only <\/span><span style=\"font-weight: 400;\">possible<\/span><span style=\"font-weight: 400;\">\u00a0on<\/span><span style=\"font-weight: 400;\">&#8211;<\/span><span style=\"font-weight: 400;\">line, see details below for each activity.<\/span><\/li>\n<\/ul>\n<h3>Activities:<\/h3>\n\n\n\n<div id=\"wpv-view-layout-825\" class=\"js-wpv-view-layout js-wpv-layout-responsive js-wpv-view-layout-825\" data-viewnumber=\"825\" data-pagination=\"{&quot;id&quot;:825,&quot;query&quot;:&quot;normal&quot;,&quot;type&quot;:&quot;disabled&quot;,&quot;effect&quot;:&quot;fade&quot;,&quot;duration&quot;:500,&quot;speed&quot;:5,&quot;pause_on_hover&quot;:&quot;disabled&quot;,&quot;stop_rollover&quot;:&quot;false&quot;,&quot;cache_pages&quot;:&quot;enabled&quot;,&quot;preload_images&quot;:&quot;enabled&quot;,&quot;preload_pages&quot;:&quot;enabled&quot;,&quot;preload_reach&quot;:1,&quot;spinner&quot;:&quot;builtin&quot;,&quot;spinner_image&quot;:&quot;https:\/\/amisdubiodome.ca\/wp-content\/plugins\/wp-views\/res\/img\/ajax-loader.gif&quot;,&quot;callback_next&quot;:&quot;&quot;,&quot;manage_history&quot;:&quot;disabled&quot;,&quot;has_controls_in_form&quot;:&quot;disabled&quot;,&quot;infinite_tolerance&quot;:&quot;0&quot;,&quot;max_pages&quot;:0,&quot;page&quot;:1,&quot;base_permalink&quot;:&quot;\/en\/wp-json\/wp\/v2\/pages\/96?wpv_view_count=825&amp;wpv_paged=WPV_PAGE_NUM&quot;,&quot;loop&quot;:{&quot;type&quot;:&quot;&quot;,&quot;name&quot;:&quot;&quot;,&quot;data&quot;:[],&quot;id&quot;:0}}\" data-permalink=\"\/en\/wp-json\/wp\/v2\/pages\/96?wpv_view_count=825\">\n\n\t\n\t\n\t\t<strong>\u00c0 venir<\/strong>\n\t\n<\/div>\n<h3><\/h3>\n<h3>Past Activities :<\/h3>\n\n\n\n<div id=\"wpv-view-layout-8425\" class=\"js-wpv-view-layout js-wpv-layout-responsive js-wpv-view-layout-8425\" data-viewnumber=\"8425\" data-pagination=\"{&quot;id&quot;:8425,&quot;query&quot;:&quot;normal&quot;,&quot;type&quot;:&quot;disabled&quot;,&quot;effect&quot;:&quot;fade&quot;,&quot;duration&quot;:500,&quot;speed&quot;:5,&quot;pause_on_hover&quot;:&quot;disabled&quot;,&quot;stop_rollover&quot;:&quot;false&quot;,&quot;cache_pages&quot;:&quot;enabled&quot;,&quot;preload_images&quot;:&quot;enabled&quot;,&quot;preload_pages&quot;:&quot;enabled&quot;,&quot;preload_reach&quot;:1,&quot;spinner&quot;:&quot;builtin&quot;,&quot;spinner_image&quot;:&quot;https:\/\/amisdubiodome.ca\/wp-content\/plugins\/wp-views\/res\/img\/ajax-loader.gif&quot;,&quot;callback_next&quot;:&quot;&quot;,&quot;manage_history&quot;:&quot;disabled&quot;,&quot;has_controls_in_form&quot;:&quot;disabled&quot;,&quot;infinite_tolerance&quot;:&quot;0&quot;,&quot;max_pages&quot;:1,&quot;page&quot;:1,&quot;base_permalink&quot;:&quot;\/en\/wp-json\/wp\/v2\/pages\/96?wpv_view_count=8425&amp;wpv_paged=WPV_PAGE_NUM&quot;,&quot;loop&quot;:{&quot;type&quot;:&quot;&quot;,&quot;name&quot;:&quot;&quot;,&quot;data&quot;:[],&quot;id&quot;:0}}\" data-permalink=\"\/en\/wp-json\/wp\/v2\/pages\/96?wpv_view_count=8425\">\n\n\t\n\t\n\t\t\n          <div class=\"news\"><\/div>\r\n<div class=\"news-amis\">\r\n<div><img decoding=\"async\" src=\"https:\/\/amisdubiodome.ca\/wp-content\/uploads\/2024\/08\/OK-1-1-wpcf_240x160.png\" title=\"OK (1)\" class=\"attachment-custom alignleft\" style=\"margin: 0 20px 0 5px;\" \/><\/div>\r\n<a href=\"https:\/\/amisdubiodome.ca\/en\/sabm-activities\/research-at-the-biodome\/\" style=\"font-size: 24px;\">Research at the Biod\u00f4me<\/a>\r\n\r\n<div style=\"padding-bottom: 0px; font-size: 16px; color:#00B9E7; font-weight:bold;\">May 25th, 2025 at 13:00<\/div>\r\n\r\n\r\n<p>We hear a lot about it\u2026 but how is research conducted at the Biod\u00f4me?\u00a0 Discover how our scientists explore and understand biodiversity at the Biod\u00f4me, what are the ongoing research projects, and the latest discoveries that &#8230;<\/p>\n\r\n<div class=\"avia-button-wrap avia-button-right  avia-builder-el-59  avia-builder-el-no-sibling \"><a href=\"https:\/\/amisdubiodome.ca\/en\/sabm-activities\/research-at-the-biodome\/\" class=\"avia-button   avia-icon_select-no avia-color-custom avia-size-medium avia-position-right \" style=\"background-color:#00B9E7; border-color:#00B9E7; color:#ffffff; \"><span class=\"avia_iconbox_title\">Read More<\/span><\/a><\/div>\r\n\r\n<\/div>\n\t\t\n          <div class=\"news\"><\/div>\r\n<div class=\"news-amis\">\r\n<div><img decoding=\"async\" src=\"https:\/\/amisdubiodome.ca\/wp-content\/uploads\/2024\/08\/OK-1-wpcf_240x160.png\" title=\"OK\" class=\"attachment-custom alignleft\" style=\"margin: 0 20px 0 5px;\" \/><\/div>\r\n<a href=\"https:\/\/amisdubiodome.ca\/en\/sabm-activities\/a-night-at-the-biodome-6\/\" style=\"font-size: 24px;\">A Night at the Biod\u00f4me<\/a>\r\n\r\n<div style=\"padding-bottom: 0px; font-size: 16px; color:#00B9E7; font-weight:bold;\">May 18th, 2025 at 00:00<\/div>\r\n\r\n\r\n<p>Falling asleep to the slow waltz of sturgeons and jellyfish\u2026 Being woken up at daybreak by the calling of the macaws or a playful river otter\u2026 The Friends of the Biod\u00f4me are inviting you to set &#8230;<\/p>\n\r\n<div class=\"avia-button-wrap avia-button-right  avia-builder-el-59  avia-builder-el-no-sibling \"><a href=\"https:\/\/amisdubiodome.ca\/en\/sabm-activities\/a-night-at-the-biodome-6\/\" class=\"avia-button   avia-icon_select-no avia-color-custom avia-size-medium avia-position-right \" style=\"background-color:#00B9E7; border-color:#00B9E7; color:#ffffff; \"><span class=\"avia_iconbox_title\">Read More<\/span><\/a><\/div>\r\n\r\n<\/div>\n\t\t\n          <div class=\"news\"><\/div>\r\n<div class=\"news-amis\">\r\n<div><img decoding=\"async\" src=\"https:\/\/amisdubiodome.ca\/wp-content\/uploads\/2024\/08\/Infolettre-visuels-2024-2025-1600-x-850-px-1200-x-850-px-8-wpcf_240x160.png\" title=\"Infolettre visuels 2024-2025 (1600 x 850 px) (1200 x 850 px) (8)\" class=\"attachment-custom alignleft\" style=\"margin: 0 20px 0 5px;\" \/><\/div>\r\n<a href=\"https:\/\/amisdubiodome.ca\/en\/sabm-activities\/the-friends-spring-cleaning\/\" style=\"font-size: 24px;\">The Friends Spring Cleaning<\/a>\r\n\r\n<div style=\"padding-bottom: 0px; font-size: 16px; color:#00B9E7; font-weight:bold;\">May 1st, 2025 at 00:00<\/div>\r\n\r\n\r\n<p>In 2025, Earth Day will have its 55th occasion! To celebrate our planet and its biodiversity, the Friends of the Biod\u00f4me, together with Mission 1000 tonnes, would like to welcome you to our third annual Spring &#8230;<\/p>\n\r\n<div class=\"avia-button-wrap avia-button-right  avia-builder-el-59  avia-builder-el-no-sibling \"><a href=\"https:\/\/amisdubiodome.ca\/en\/sabm-activities\/the-friends-spring-cleaning\/\" class=\"avia-button   avia-icon_select-no avia-color-custom avia-size-medium avia-position-right \" style=\"background-color:#00B9E7; border-color:#00B9E7; color:#ffffff; \"><span class=\"avia_iconbox_title\">Read More<\/span><\/a><\/div>\r\n\r\n<\/div>\n\t\t\n          <div class=\"news\"><\/div>\r\n<div class=\"news-amis\">\r\n<div><img decoding=\"async\" src=\"https:\/\/amisdubiodome.ca\/wp-content\/uploads\/2024\/08\/Infolettre-visuels-2024-2025-1600-x-850-px-1200-x-850-px-7-wpcf_240x160.png\" title=\"Infolettre visuels 2024-2025 (1600 x 850 px) (1200 x 850 px) (7)\" class=\"attachment-custom alignleft\" style=\"margin: 0 20px 0 5px;\" \/><\/div>\r\n<a href=\"https:\/\/amisdubiodome.ca\/en\/sabm-activities\/choose-your-escape-game\/\" style=\"font-size: 24px;\">Choose your escape game<\/a>\r\n\r\n<div style=\"padding-bottom: 0px; font-size: 16px; color:#00B9E7; font-weight:bold;\">April 4th, 2025 at 18:00<\/div>\r\n\r\n\r\n<p>Last July, on our social media, we asked you to choose between several scenarios for the next Friends of the Biod\u00f4me Escape Game. You have until 30 September 2024 to vote! After that Day, we will &#8230;<\/p>\n\r\n<div class=\"avia-button-wrap avia-button-right  avia-builder-el-59  avia-builder-el-no-sibling \"><a href=\"https:\/\/amisdubiodome.ca\/en\/sabm-activities\/choose-your-escape-game\/\" class=\"avia-button   avia-icon_select-no avia-color-custom avia-size-medium avia-position-right \" style=\"background-color:#00B9E7; border-color:#00B9E7; color:#ffffff; \"><span class=\"avia_iconbox_title\">Read More<\/span><\/a><\/div>\r\n\r\n<\/div>\n\t\t\n          <div class=\"news\"><\/div>\r\n<div class=\"news-amis\">\r\n<div><img decoding=\"async\" src=\"https:\/\/amisdubiodome.ca\/wp-content\/uploads\/2024\/08\/Infolettre-visuels-2024-2025-1600-x-850-px-1200-x-850-px-6-wpcf_240x160.png\" title=\"Infolettre visuels 2024-2025 (1600 x 850 px) (1200 x 850 px) (6)\" class=\"attachment-custom alignleft\" style=\"margin: 0 20px 0 5px;\" \/><\/div>\r\n<a href=\"https:\/\/amisdubiodome.ca\/en\/sabm-activities\/the-sugar-shack-2\/\" style=\"font-size: 24px;\">The Sugar Shack<\/a>\r\n\r\n<div style=\"padding-bottom: 0px; font-size: 16px; color:#00B9E7; font-weight:bold;\">March 15th, 2025 at 18:00<\/div>\r\n\r\n\r\n<p>You enjoyed it in 2024, it\u2019s back in 2025! The Friends of the Biod\u00f4me Sugar Shack invites you to a unique sugar party to celebrate Spring! Featuring\u202f: storytelling, music, maple products tasting, and info about Laurentides &#8230;<\/p>\n\r\n<div class=\"avia-button-wrap avia-button-right  avia-builder-el-59  avia-builder-el-no-sibling \"><a href=\"https:\/\/amisdubiodome.ca\/en\/sabm-activities\/the-sugar-shack-2\/\" class=\"avia-button   avia-icon_select-no avia-color-custom avia-size-medium avia-position-right \" style=\"background-color:#00B9E7; border-color:#00B9E7; color:#ffffff; \"><span class=\"avia_iconbox_title\">Read More<\/span><\/a><\/div>\r\n\r\n<\/div>\n\t\t\n          <div class=\"news\"><\/div>\r\n<div class=\"news-amis\">\r\n<div><img decoding=\"async\" src=\"https:\/\/amisdubiodome.ca\/wp-content\/uploads\/2024\/08\/Infolettre-visuels-2024-2025-1600-x-850-px-1200-x-850-px-5-wpcf_240x160.png\" title=\"Infolettre visuels 2024-2025 (1600 x 850 px) (1200 x 850 px) (5)\" class=\"attachment-custom alignleft\" style=\"margin: 0 20px 0 5px;\" \/><\/div>\r\n<a href=\"https:\/\/amisdubiodome.ca\/en\/sabm-activities\/chinstrap-penguins\/\" style=\"font-size: 24px;\">Chinstrap Penguins<\/a>\r\n\r\n<div style=\"padding-bottom: 0px; font-size: 16px; color:#00B9E7; font-weight:bold;\">March 9th, 2025 at 10:00<\/div>\r\n\r\n\r\n<p>In 2024, the Biod\u00f4me welcomed new residents in the polar world\u202f: chinstrap penguins!\u00a0 Explore the fascinating world of these unique sea birds, known for their smart black \u201cchinstrap\u201d that set them apart from other penguins. Discover &#8230;<\/p>\n\r\n<div class=\"avia-button-wrap avia-button-right  avia-builder-el-59  avia-builder-el-no-sibling \"><a href=\"https:\/\/amisdubiodome.ca\/en\/sabm-activities\/chinstrap-penguins\/\" class=\"avia-button   avia-icon_select-no avia-color-custom avia-size-medium avia-position-right \" style=\"background-color:#00B9E7; border-color:#00B9E7; color:#ffffff; \"><span class=\"avia_iconbox_title\">Read More<\/span><\/a><\/div>\r\n\r\n<\/div>\n\t\t\n          <div class=\"news\"><\/div>\r\n<div class=\"news-amis\">\r\n<div><img decoding=\"async\" src=\"https:\/\/amisdubiodome.ca\/wp-content\/uploads\/2024\/08\/Infolettre-visuels-2024-2025-1600-x-850-px-1200-x-850-px-4-wpcf_240x160.png\" title=\"Infolettre visuels 2024-2025 (1600 x 850 px) (1200 x 850 px) (4)\" class=\"attachment-custom alignleft\" style=\"margin: 0 20px 0 5px;\" \/><\/div>\r\n<a href=\"https:\/\/amisdubiodome.ca\/en\/sabm-activities\/pinateria\/\" style=\"font-size: 24px;\">Pi\u00f1ateria<\/a>\r\n\r\n<div style=\"padding-bottom: 0px; font-size: 16px; color:#00B9E7; font-weight:bold;\">February 15th, 2025 at 00:00<\/div>\r\n\r\n\r\n<p>Because they play an important part for the Biod\u00f4me animals, and because they are very valuable for the animal care technicians\u202f: we are bringing back our pi\u00f1ata making activity!\u00a0\u00a0 Make papier m\u00e2ch\u00e9 pi\u00f1atas for the Biod\u00f4me &#8230;<\/p>\n\r\n<div class=\"avia-button-wrap avia-button-right  avia-builder-el-59  avia-builder-el-no-sibling \"><a href=\"https:\/\/amisdubiodome.ca\/en\/sabm-activities\/pinateria\/\" class=\"avia-button   avia-icon_select-no avia-color-custom avia-size-medium avia-position-right \" style=\"background-color:#00B9E7; border-color:#00B9E7; color:#ffffff; \"><span class=\"avia_iconbox_title\">Read More<\/span><\/a><\/div>\r\n\r\n<\/div>\n\t\t\n          <div class=\"news\"><\/div>\r\n<div class=\"news-amis\">\r\n<div><img decoding=\"async\" src=\"https:\/\/amisdubiodome.ca\/wp-content\/uploads\/2024\/08\/Manque-conferencier-1-1-wpcf_240x160.png\" title=\"Manque conf\u00e9rencier (1)\" class=\"attachment-custom alignleft\" style=\"margin: 0 20px 0 5px;\" \/><\/div>\r\n<a href=\"https:\/\/amisdubiodome.ca\/en\/sabm-activities\/its-snowing-at-the-biodome\/\" style=\"font-size: 24px;\">It\u2019s snowing at the Biod\u00f4me!<\/a>\r\n\r\n<div style=\"padding-bottom: 0px; font-size: 16px; color:#00B9E7; font-weight:bold;\">January 26th, 2025 at 10:00<\/div>\r\n\r\n\r\n<p>Discover the technical challenges brought to the Biod\u00f4me by the passing seasons, and experience the fascinating changes in the ecosystems. Explore the ways that the life of the Biod\u00f4me animals are influenced by these variations, with &#8230;<\/p>\n\r\n<div class=\"avia-button-wrap avia-button-right  avia-builder-el-59  avia-builder-el-no-sibling \"><a href=\"https:\/\/amisdubiodome.ca\/en\/sabm-activities\/its-snowing-at-the-biodome\/\" class=\"avia-button   avia-icon_select-no avia-color-custom avia-size-medium avia-position-right \" style=\"background-color:#00B9E7; border-color:#00B9E7; color:#ffffff; \"><span class=\"avia_iconbox_title\">Read More<\/span><\/a><\/div>\r\n\r\n<\/div>\n\t\t\n\t\n\t\n\t\n<\/div>\n","protected":false},"excerpt":{"rendered":"<p>&nbsp; Please take note that\u00a0activities are only offered in French. Activities are offered exclusively to our members! To become a member&#8230; Registration is only possible\u00a0on&#8211;line, see details below for each activity. Activities: Past Activities :<\/p>\n","protected":false},"author":341,"featured_media":0,"parent":0,"menu_order":0,"comment_status":"closed","ping_status":"closed","template":"","meta":{"_acf_changed":false,"footnotes":""},"class_list":["post-96","page","type-page","status-publish","hentry"],"acf":[],"yoast_head":"<!-- This site is optimized with the Yoast SEO plugin v27.3 - https:\/\/yoast.com\/product\/yoast-seo-wordpress\/ -->\n<title>Activities for members - Friends of the Biod\u00f4me<\/title>\n<meta name=\"robots\" content=\"index, follow, max-snippet:-1, max-image-preview:large, max-video-preview:-1\" \/>\n<link rel=\"canonical\" href=\"https:\/\/amisdubiodome.ca\/en\/activities-for-members\/\" \/>\n<meta property=\"og:locale\" content=\"en_US\" \/>\n<meta property=\"og:type\" content=\"article\" \/>\n<meta property=\"og:title\" content=\"Activities for members - Friends of the Biod\u00f4me\" \/>\n<meta property=\"og:description\" content=\"&nbsp; Please take note that\u00a0activities are only offered in French. Activities are offered exclusively to our members! To become a member&#8230; Registration is only possible\u00a0on&#8211;line, see details below for each activity. Activities: Past Activities :\" \/>\n<meta property=\"og:url\" content=\"https:\/\/amisdubiodome.ca\/en\/activities-for-members\/\" \/>\n<meta property=\"og:site_name\" content=\"Friends of the Biod\u00f4me\" \/>\n<meta property=\"article:publisher\" content=\"https:\/\/www.facebook.com\/lesamisdubiodome\/\" \/>\n<meta property=\"article:modified_time\" content=\"2024-09-12T13:06:51+00:00\" \/>\n<meta name=\"twitter:card\" content=\"summary_large_image\" \/>\n<meta name=\"twitter:label1\" content=\"Est. reading time\" \/>\n\t<meta name=\"twitter:data1\" content=\"4 minutes\" \/>\n<script type=\"application\/ld+json\" class=\"yoast-schema-graph\">{\"@context\":\"https:\\\/\\\/schema.org\",\"@graph\":[{\"@type\":\"WebPage\",\"@id\":\"https:\\\/\\\/amisdubiodome.ca\\\/en\\\/activities-for-members\\\/\",\"url\":\"https:\\\/\\\/amisdubiodome.ca\\\/en\\\/activities-for-members\\\/\",\"name\":\"Activities for members - Friends of the Biod\u00f4me\",\"isPartOf\":{\"@id\":\"https:\\\/\\\/amisdubiodome.ca\\\/en\\\/#website\"},\"datePublished\":\"2013-06-03T18:07:29+00:00\",\"dateModified\":\"2024-09-12T13:06:51+00:00\",\"breadcrumb\":{\"@id\":\"https:\\\/\\\/amisdubiodome.ca\\\/en\\\/activities-for-members\\\/#breadcrumb\"},\"inLanguage\":\"en-US\",\"potentialAction\":[{\"@type\":\"ReadAction\",\"target\":[\"https:\\\/\\\/amisdubiodome.ca\\\/en\\\/activities-for-members\\\/\"]}]},{\"@type\":\"BreadcrumbList\",\"@id\":\"https:\\\/\\\/amisdubiodome.ca\\\/en\\\/activities-for-members\\\/#breadcrumb\",\"itemListElement\":[{\"@type\":\"ListItem\",\"position\":1,\"name\":\"Accueil\",\"item\":\"https:\\\/\\\/amisdubiodome.ca\\\/en\\\/\"},{\"@type\":\"ListItem\",\"position\":2,\"name\":\"Activities for members\"}]},{\"@type\":\"WebSite\",\"@id\":\"https:\\\/\\\/amisdubiodome.ca\\\/en\\\/#website\",\"url\":\"https:\\\/\\\/amisdubiodome.ca\\\/en\\\/\",\"name\":\"Friends of the Biod\u00f4me\",\"description\":\"\",\"publisher\":{\"@id\":\"https:\\\/\\\/amisdubiodome.ca\\\/en\\\/#organization\"},\"potentialAction\":[{\"@type\":\"SearchAction\",\"target\":{\"@type\":\"EntryPoint\",\"urlTemplate\":\"https:\\\/\\\/amisdubiodome.ca\\\/en\\\/?s={search_term_string}\"},\"query-input\":{\"@type\":\"PropertyValueSpecification\",\"valueRequired\":true,\"valueName\":\"search_term_string\"}}],\"inLanguage\":\"en-US\"},{\"@type\":\"Organization\",\"@id\":\"https:\\\/\\\/amisdubiodome.ca\\\/en\\\/#organization\",\"name\":\"Les Amis du Biod\u00f4me\",\"url\":\"https:\\\/\\\/amisdubiodome.ca\\\/en\\\/\",\"logo\":{\"@type\":\"ImageObject\",\"inLanguage\":\"en-US\",\"@id\":\"https:\\\/\\\/amisdubiodome.ca\\\/en\\\/#\\\/schema\\\/logo\\\/image\\\/\",\"url\":\"https:\\\/\\\/amisdubiodome.ca\\\/wp-content\\\/uploads\\\/2019\\\/12\\\/amis-biodome-logo-color.png\",\"contentUrl\":\"https:\\\/\\\/amisdubiodome.ca\\\/wp-content\\\/uploads\\\/2019\\\/12\\\/amis-biodome-logo-color.png\",\"width\":400,\"height\":222,\"caption\":\"Les Amis du Biod\u00f4me\"},\"image\":{\"@id\":\"https:\\\/\\\/amisdubiodome.ca\\\/en\\\/#\\\/schema\\\/logo\\\/image\\\/\"},\"sameAs\":[\"https:\\\/\\\/www.facebook.com\\\/lesamisdubiodome\\\/\",\"https:\\\/\\\/www.instagram.com\\\/lesamisdubiodome\\\/\",\"https:\\\/\\\/www.pinterest.ca\\\/lesamisdubiodome\\\/_created\\\/\",\"https:\\\/\\\/www.youtube.com\\\/channel\\\/UCtB07WlMYzG6ZcNv5YCMDHg\"]}]}<\/script>\n<!-- \/ Yoast SEO plugin. -->","yoast_head_json":{"title":"Activities for members - Friends of the Biod\u00f4me","robots":{"index":"index","follow":"follow","max-snippet":"max-snippet:-1","max-image-preview":"max-image-preview:large","max-video-preview":"max-video-preview:-1"},"canonical":"https:\/\/amisdubiodome.ca\/en\/activities-for-members\/","og_locale":"en_US","og_type":"article","og_title":"Activities for members - Friends of the Biod\u00f4me","og_description":"&nbsp; Please take note that\u00a0activities are only offered in French. Activities are offered exclusively to our members! To become a member&#8230; Registration is only possible\u00a0on&#8211;line, see details below for each activity. Activities: Past Activities :","og_url":"https:\/\/amisdubiodome.ca\/en\/activities-for-members\/","og_site_name":"Friends of the Biod\u00f4me","article_publisher":"https:\/\/www.facebook.com\/lesamisdubiodome\/","article_modified_time":"2024-09-12T13:06:51+00:00","twitter_card":"summary_large_image","twitter_misc":{"Est. reading time":"4 minutes"},"schema":{"@context":"https:\/\/schema.org","@graph":[{"@type":"WebPage","@id":"https:\/\/amisdubiodome.ca\/en\/activities-for-members\/","url":"https:\/\/amisdubiodome.ca\/en\/activities-for-members\/","name":"Activities for members - Friends of the Biod\u00f4me","isPartOf":{"@id":"https:\/\/amisdubiodome.ca\/en\/#website"},"datePublished":"2013-06-03T18:07:29+00:00","dateModified":"2024-09-12T13:06:51+00:00","breadcrumb":{"@id":"https:\/\/amisdubiodome.ca\/en\/activities-for-members\/#breadcrumb"},"inLanguage":"en-US","potentialAction":[{"@type":"ReadAction","target":["https:\/\/amisdubiodome.ca\/en\/activities-for-members\/"]}]},{"@type":"BreadcrumbList","@id":"https:\/\/amisdubiodome.ca\/en\/activities-for-members\/#breadcrumb","itemListElement":[{"@type":"ListItem","position":1,"name":"Accueil","item":"https:\/\/amisdubiodome.ca\/en\/"},{"@type":"ListItem","position":2,"name":"Activities for members"}]},{"@type":"WebSite","@id":"https:\/\/amisdubiodome.ca\/en\/#website","url":"https:\/\/amisdubiodome.ca\/en\/","name":"Friends of the Biod\u00f4me","description":"","publisher":{"@id":"https:\/\/amisdubiodome.ca\/en\/#organization"},"potentialAction":[{"@type":"SearchAction","target":{"@type":"EntryPoint","urlTemplate":"https:\/\/amisdubiodome.ca\/en\/?s={search_term_string}"},"query-input":{"@type":"PropertyValueSpecification","valueRequired":true,"valueName":"search_term_string"}}],"inLanguage":"en-US"},{"@type":"Organization","@id":"https:\/\/amisdubiodome.ca\/en\/#organization","name":"Les Amis du Biod\u00f4me","url":"https:\/\/amisdubiodome.ca\/en\/","logo":{"@type":"ImageObject","inLanguage":"en-US","@id":"https:\/\/amisdubiodome.ca\/en\/#\/schema\/logo\/image\/","url":"https:\/\/amisdubiodome.ca\/wp-content\/uploads\/2019\/12\/amis-biodome-logo-color.png","contentUrl":"https:\/\/amisdubiodome.ca\/wp-content\/uploads\/2019\/12\/amis-biodome-logo-color.png","width":400,"height":222,"caption":"Les Amis du Biod\u00f4me"},"image":{"@id":"https:\/\/amisdubiodome.ca\/en\/#\/schema\/logo\/image\/"},"sameAs":["https:\/\/www.facebook.com\/lesamisdubiodome\/","https:\/\/www.instagram.com\/lesamisdubiodome\/","https:\/\/www.pinterest.ca\/lesamisdubiodome\/_created\/","https:\/\/www.youtube.com\/channel\/UCtB07WlMYzG6ZcNv5YCMDHg"]}]}},"_links":{"self":[{"href":"https:\/\/amisdubiodome.ca\/en\/wp-json\/wp\/v2\/pages\/96","targetHints":{"allow":["GET"]}}],"collection":[{"href":"https:\/\/amisdubiodome.ca\/en\/wp-json\/wp\/v2\/pages"}],"about":[{"href":"https:\/\/amisdubiodome.ca\/en\/wp-json\/wp\/v2\/types\/page"}],"author":[{"embeddable":true,"href":"https:\/\/amisdubiodome.ca\/en\/wp-json\/wp\/v2\/users\/341"}],"replies":[{"embeddable":true,"href":"https:\/\/amisdubiodome.ca\/en\/wp-json\/wp\/v2\/comments?post=96"}],"version-history":[{"count":2,"href":"https:\/\/amisdubiodome.ca\/en\/wp-json\/wp\/v2\/pages\/96\/revisions"}],"predecessor-version":[{"id":21608,"href":"https:\/\/amisdubiodome.ca\/en\/wp-json\/wp\/v2\/pages\/96\/revisions\/21608"}],"wp:attachment":[{"href":"https:\/\/amisdubiodome.ca\/en\/wp-json\/wp\/v2\/media?parent=96"}],"curies":[{"name":"wp","href":"https:\/\/api.w.org\/{rel}","templated":true}]}}