
{"id":64,"date":"2013-06-01T18:51:22","date_gmt":"2013-06-01T22:51:22","guid":{"rendered":"https:\/\/sabm.ca\/?page_id=64"},"modified":"2019-12-13T10:37:51","modified_gmt":"2019-12-13T15:37:51","slug":"donations","status":"publish","type":"page","link":"https:\/\/amisdubiodome.ca\/en\/donations\/","title":{"rendered":"Donations"},"content":{"rendered":"\n<style type=\"text\/css\" data-created_by=\"avia_inline_auto\" id=\"style-css-av-k44a8vud-90dbf8e5469aad7be8fb4babc7416835\">\n.avia-section.av-k44a8vud-90dbf8e5469aad7be8fb4babc7416835 .av-parallax .av-parallax-inner{\nbackground-repeat:no-repeat;\nbackground-image:url(https:\/\/amisdubiodome.ca\/wp-content\/uploads\/2013\/10\/Rainette-yeux-rouge-e1381524415388.jpg);\nbackground-position:50% 0%;\nbackground-attachment:scroll;\n}\n<\/style>\n<div id='av_section_1'  class='avia-section av-k44a8vud-90dbf8e5469aad7be8fb4babc7416835 main_color avia-section-default avia-no-border-styling  avia-builder-el-0  el_before_av_heading  avia-builder-el-first  avia-full-stretch av-parallax-section avia-bg-style-parallax av-minimum-height av-minimum-height-custom av-height-custom  container_wrap sidebar_right'  data-section-bg-repeat='stretch' data-av_minimum_height_px='350'><div class='av-parallax' data-avia-parallax-ratio='0.3' ><div class='av-parallax-inner main_color avia-full-stretch'><\/div><\/div><div class='container av-section-cont-open' style='height:350px'><main  role=\"main\" itemprop=\"mainContentOfPage\"  class='template-page content  av-content-small alpha units'><div class='post-entry post-entry-type-page post-entry-64'><div class='entry-content-wrapper clearfix'><\/div><\/div><\/main><!-- close content main element --><\/div><\/div><div id='after_section_1'  class='main_color av_default_container_wrap container_wrap sidebar_right'  ><div class='container av-section-cont-open' ><div class='template-page content  av-content-small alpha units'><div class='post-entry post-entry-type-page post-entry-64'><div class='entry-content-wrapper clearfix'>\n\n<style type=\"text\/css\" data-created_by=\"avia_inline_auto\" id=\"style-css-av-k44bf5ev-6febf4ec0ef8c3252be55fb37ea1d45b\">\n#top .av-special-heading.av-k44bf5ev-6febf4ec0ef8c3252be55fb37ea1d45b{\npadding-bottom:10px;\n}\nbody .av-special-heading.av-k44bf5ev-6febf4ec0ef8c3252be55fb37ea1d45b .av-special-heading-tag .heading-char{\nfont-size:25px;\n}\n.av-special-heading.av-k44bf5ev-6febf4ec0ef8c3252be55fb37ea1d45b .av-subheading{\nfont-size:15px;\n}\n<\/style>\n<div  class='av-special-heading av-k44bf5ev-6febf4ec0ef8c3252be55fb37ea1d45b av-special-heading-h3 blockquote modern-quote  avia-builder-el-1  el_after_av_section  el_before_av_hr  avia-builder-el-first '><h3 class='av-special-heading-tag '  itemprop=\"headline\"  >Donations<\/h3><div class=\"special-heading-border\"><div class=\"special-heading-inner-border\"><\/div><\/div><\/div>\n\n<style type=\"text\/css\" data-created_by=\"avia_inline_auto\" id=\"style-css-av-k44aeoa6-fb7b11ed448e3fd0f820607310effe03\">\n#top .hr.av-k44aeoa6-fb7b11ed448e3fd0f820607310effe03{\nmargin-top:30px;\nmargin-bottom:30px;\n}\n.hr.av-k44aeoa6-fb7b11ed448e3fd0f820607310effe03 .hr-inner{\nwidth:150px;\nborder-color:#00b9e7;\n}\n<\/style>\n<div  class='hr av-k44aeoa6-fb7b11ed448e3fd0f820607310effe03 hr-custom  avia-builder-el-2  el_after_av_heading  el_before_av_textblock  hr-left hr-icon-no'><span class='hr-inner inner-border-av-border-fat'><span class=\"hr-inner-style\"><\/span><\/span><\/div>\n<section  class='av_textblock_section av-o7rt-b2c32d1356a07e9498f5db29b3567802 '   itemscope=\"itemscope\" itemtype=\"https:\/\/schema.org\/CreativeWork\" ><div class='avia_textblock'  itemprop=\"text\" ><p>The Friends of the Montr\u00e9al Biod\u00f4me Society is a non-profit organization, which among other things aims to collect and manage funds (grants, sponsorship, donations) to ensure better development of the activities and the promotion of the Montreal Biod\u00f4me.<\/p>\n<p>It is possible to make a donation to the Friends of the Montr\u00e9al Biod\u00f4me Society at the following address:<\/p>\n<p style=\"padding-left: 60px;\"><strong><a href=\"https:\/\/amisdubiodome.ca\/wp-content\/uploads\/2013\/07\/SABM-Logo.png\"><img loading=\"lazy\" decoding=\"async\" class=\"alignnone wp-image-11611 size-medium\" src=\"https:\/\/amisdubiodome.ca\/wp-content\/uploads\/2019\/12\/amis-biodome-logo-color-300x167.png\" alt=\"\" width=\"300\" height=\"167\" srcset=\"https:\/\/amisdubiodome.ca\/wp-content\/uploads\/2019\/12\/amis-biodome-logo-color-300x167.png 300w, https:\/\/amisdubiodome.ca\/wp-content\/uploads\/2019\/12\/amis-biodome-logo-color.png 400w\" sizes=\"auto, (max-width: 300px) 100vw, 300px\" \/><\/a><\/strong><\/p>\n<p style=\"padding-left: 60px;\"><strong>Friends of the Montr\u00e9al Biod\u00f4me Society (SABM)<br \/>\n<\/strong><\/p>\n<address style=\"padding-left: 60px;\">4777, avenue Pierre-de Coubertin<\/address>\n<address style=\"padding-left: 60px;\">Montreal (Quebec) H1V 1B3<\/address>\n<address style=\"padding-left: 60px;\">Tel\u00a0: 514\u00a0868-3098<\/address>\n<address style=\"padding-left: 60px;\">Fax\u00a0: 514\u00a0868-3065<\/address>\n<address style=\"padding-left: 60px;\">\u00a0<\/address>\n<p style=\"padding-left: 60px;\">Email : <a href=\"mailto:sabm@ville.montreal.qc.ca\">sabm@ville.montreal.qc.ca<\/a><\/p>\n<p style=\"padding-left: 30px;\">The office of the Friends of the Montr\u00e9al Biod\u00f4me Society is located at the Montreal Biod\u00f4me<\/p>\n<\/div><\/section>\n","protected":false},"excerpt":{"rendered":"","protected":false},"author":341,"featured_media":0,"parent":0,"menu_order":0,"comment_status":"closed","ping_status":"closed","template":"","meta":{"_acf_changed":false,"footnotes":""},"class_list":["post-64","page","type-page","status-publish","hentry"],"acf":[],"yoast_head":"<!-- This site is optimized with the Yoast SEO plugin v27.3 - https:\/\/yoast.com\/product\/yoast-seo-wordpress\/ -->\n<title>Donations - Friends of the Biod\u00f4me<\/title>\n<meta name=\"robots\" content=\"index, follow, max-snippet:-1, max-image-preview:large, max-video-preview:-1\" \/>\n<link rel=\"canonical\" href=\"https:\/\/amisdubiodome.ca\/en\/donations\/\" \/>\n<meta property=\"og:locale\" content=\"en_US\" \/>\n<meta property=\"og:type\" content=\"article\" \/>\n<meta property=\"og:title\" content=\"Donations - Friends of the Biod\u00f4me\" \/>\n<meta property=\"og:url\" content=\"https:\/\/amisdubiodome.ca\/en\/donations\/\" \/>\n<meta property=\"og:site_name\" content=\"Friends of the Biod\u00f4me\" \/>\n<meta property=\"article:publisher\" content=\"https:\/\/www.facebook.com\/lesamisdubiodome\/\" \/>\n<meta property=\"article:modified_time\" content=\"2019-12-13T15:37:51+00:00\" \/>\n<meta property=\"og:image\" content=\"https:\/\/amisdubiodome.ca\/wp-content\/uploads\/2019\/12\/amis-biodome-logo-color-300x167.png\" \/>\n<meta name=\"twitter:card\" content=\"summary_large_image\" \/>\n<meta name=\"twitter:label1\" content=\"Est. reading time\" \/>\n\t<meta name=\"twitter:data1\" content=\"2 minutes\" \/>\n<script type=\"application\/ld+json\" class=\"yoast-schema-graph\">{\"@context\":\"https:\\\/\\\/schema.org\",\"@graph\":[{\"@type\":\"WebPage\",\"@id\":\"https:\\\/\\\/amisdubiodome.ca\\\/en\\\/donations\\\/\",\"url\":\"https:\\\/\\\/amisdubiodome.ca\\\/en\\\/donations\\\/\",\"name\":\"Donations - Friends of the Biod\u00f4me\",\"isPartOf\":{\"@id\":\"https:\\\/\\\/amisdubiodome.ca\\\/en\\\/#website\"},\"primaryImageOfPage\":{\"@id\":\"https:\\\/\\\/amisdubiodome.ca\\\/en\\\/donations\\\/#primaryimage\"},\"image\":{\"@id\":\"https:\\\/\\\/amisdubiodome.ca\\\/en\\\/donations\\\/#primaryimage\"},\"thumbnailUrl\":\"https:\\\/\\\/amisdubiodome.ca\\\/wp-content\\\/uploads\\\/2019\\\/12\\\/amis-biodome-logo-color-300x167.png\",\"datePublished\":\"2013-06-01T22:51:22+00:00\",\"dateModified\":\"2019-12-13T15:37:51+00:00\",\"breadcrumb\":{\"@id\":\"https:\\\/\\\/amisdubiodome.ca\\\/en\\\/donations\\\/#breadcrumb\"},\"inLanguage\":\"en-US\",\"potentialAction\":[{\"@type\":\"ReadAction\",\"target\":[\"https:\\\/\\\/amisdubiodome.ca\\\/en\\\/donations\\\/\"]}]},{\"@type\":\"ImageObject\",\"inLanguage\":\"en-US\",\"@id\":\"https:\\\/\\\/amisdubiodome.ca\\\/en\\\/donations\\\/#primaryimage\",\"url\":\"https:\\\/\\\/amisdubiodome.ca\\\/wp-content\\\/uploads\\\/2019\\\/12\\\/amis-biodome-logo-color-300x167.png\",\"contentUrl\":\"https:\\\/\\\/amisdubiodome.ca\\\/wp-content\\\/uploads\\\/2019\\\/12\\\/amis-biodome-logo-color-300x167.png\"},{\"@type\":\"BreadcrumbList\",\"@id\":\"https:\\\/\\\/amisdubiodome.ca\\\/en\\\/donations\\\/#breadcrumb\",\"itemListElement\":[{\"@type\":\"ListItem\",\"position\":1,\"name\":\"Accueil\",\"item\":\"https:\\\/\\\/amisdubiodome.ca\\\/en\\\/\"},{\"@type\":\"ListItem\",\"position\":2,\"name\":\"Donations\"}]},{\"@type\":\"WebSite\",\"@id\":\"https:\\\/\\\/amisdubiodome.ca\\\/en\\\/#website\",\"url\":\"https:\\\/\\\/amisdubiodome.ca\\\/en\\\/\",\"name\":\"Friends of the Biod\u00f4me\",\"description\":\"\",\"publisher\":{\"@id\":\"https:\\\/\\\/amisdubiodome.ca\\\/en\\\/#organization\"},\"potentialAction\":[{\"@type\":\"SearchAction\",\"target\":{\"@type\":\"EntryPoint\",\"urlTemplate\":\"https:\\\/\\\/amisdubiodome.ca\\\/en\\\/?s={search_term_string}\"},\"query-input\":{\"@type\":\"PropertyValueSpecification\",\"valueRequired\":true,\"valueName\":\"search_term_string\"}}],\"inLanguage\":\"en-US\"},{\"@type\":\"Organization\",\"@id\":\"https:\\\/\\\/amisdubiodome.ca\\\/en\\\/#organization\",\"name\":\"Les Amis du Biod\u00f4me\",\"url\":\"https:\\\/\\\/amisdubiodome.ca\\\/en\\\/\",\"logo\":{\"@type\":\"ImageObject\",\"inLanguage\":\"en-US\",\"@id\":\"https:\\\/\\\/amisdubiodome.ca\\\/en\\\/#\\\/schema\\\/logo\\\/image\\\/\",\"url\":\"https:\\\/\\\/amisdubiodome.ca\\\/wp-content\\\/uploads\\\/2019\\\/12\\\/amis-biodome-logo-color.png\",\"contentUrl\":\"https:\\\/\\\/amisdubiodome.ca\\\/wp-content\\\/uploads\\\/2019\\\/12\\\/amis-biodome-logo-color.png\",\"width\":400,\"height\":222,\"caption\":\"Les Amis du Biod\u00f4me\"},\"image\":{\"@id\":\"https:\\\/\\\/amisdubiodome.ca\\\/en\\\/#\\\/schema\\\/logo\\\/image\\\/\"},\"sameAs\":[\"https:\\\/\\\/www.facebook.com\\\/lesamisdubiodome\\\/\",\"https:\\\/\\\/www.instagram.com\\\/lesamisdubiodome\\\/\",\"https:\\\/\\\/www.pinterest.ca\\\/lesamisdubiodome\\\/_created\\\/\",\"https:\\\/\\\/www.youtube.com\\\/channel\\\/UCtB07WlMYzG6ZcNv5YCMDHg\"]}]}<\/script>\n<!-- \/ Yoast SEO plugin. -->","yoast_head_json":{"title":"Donations - Friends of the Biod\u00f4me","robots":{"index":"index","follow":"follow","max-snippet":"max-snippet:-1","max-image-preview":"max-image-preview:large","max-video-preview":"max-video-preview:-1"},"canonical":"https:\/\/amisdubiodome.ca\/en\/donations\/","og_locale":"en_US","og_type":"article","og_title":"Donations - Friends of the Biod\u00f4me","og_url":"https:\/\/amisdubiodome.ca\/en\/donations\/","og_site_name":"Friends of the Biod\u00f4me","article_publisher":"https:\/\/www.facebook.com\/lesamisdubiodome\/","article_modified_time":"2019-12-13T15:37:51+00:00","og_image":[{"url":"https:\/\/amisdubiodome.ca\/wp-content\/uploads\/2019\/12\/amis-biodome-logo-color-300x167.png","type":"","width":"","height":""}],"twitter_card":"summary_large_image","twitter_misc":{"Est. reading time":"2 minutes"},"schema":{"@context":"https:\/\/schema.org","@graph":[{"@type":"WebPage","@id":"https:\/\/amisdubiodome.ca\/en\/donations\/","url":"https:\/\/amisdubiodome.ca\/en\/donations\/","name":"Donations - Friends of the Biod\u00f4me","isPartOf":{"@id":"https:\/\/amisdubiodome.ca\/en\/#website"},"primaryImageOfPage":{"@id":"https:\/\/amisdubiodome.ca\/en\/donations\/#primaryimage"},"image":{"@id":"https:\/\/amisdubiodome.ca\/en\/donations\/#primaryimage"},"thumbnailUrl":"https:\/\/amisdubiodome.ca\/wp-content\/uploads\/2019\/12\/amis-biodome-logo-color-300x167.png","datePublished":"2013-06-01T22:51:22+00:00","dateModified":"2019-12-13T15:37:51+00:00","breadcrumb":{"@id":"https:\/\/amisdubiodome.ca\/en\/donations\/#breadcrumb"},"inLanguage":"en-US","potentialAction":[{"@type":"ReadAction","target":["https:\/\/amisdubiodome.ca\/en\/donations\/"]}]},{"@type":"ImageObject","inLanguage":"en-US","@id":"https:\/\/amisdubiodome.ca\/en\/donations\/#primaryimage","url":"https:\/\/amisdubiodome.ca\/wp-content\/uploads\/2019\/12\/amis-biodome-logo-color-300x167.png","contentUrl":"https:\/\/amisdubiodome.ca\/wp-content\/uploads\/2019\/12\/amis-biodome-logo-color-300x167.png"},{"@type":"BreadcrumbList","@id":"https:\/\/amisdubiodome.ca\/en\/donations\/#breadcrumb","itemListElement":[{"@type":"ListItem","position":1,"name":"Accueil","item":"https:\/\/amisdubiodome.ca\/en\/"},{"@type":"ListItem","position":2,"name":"Donations"}]},{"@type":"WebSite","@id":"https:\/\/amisdubiodome.ca\/en\/#website","url":"https:\/\/amisdubiodome.ca\/en\/","name":"Friends of the Biod\u00f4me","description":"","publisher":{"@id":"https:\/\/amisdubiodome.ca\/en\/#organization"},"potentialAction":[{"@type":"SearchAction","target":{"@type":"EntryPoint","urlTemplate":"https:\/\/amisdubiodome.ca\/en\/?s={search_term_string}"},"query-input":{"@type":"PropertyValueSpecification","valueRequired":true,"valueName":"search_term_string"}}],"inLanguage":"en-US"},{"@type":"Organization","@id":"https:\/\/amisdubiodome.ca\/en\/#organization","name":"Les Amis du Biod\u00f4me","url":"https:\/\/amisdubiodome.ca\/en\/","logo":{"@type":"ImageObject","inLanguage":"en-US","@id":"https:\/\/amisdubiodome.ca\/en\/#\/schema\/logo\/image\/","url":"https:\/\/amisdubiodome.ca\/wp-content\/uploads\/2019\/12\/amis-biodome-logo-color.png","contentUrl":"https:\/\/amisdubiodome.ca\/wp-content\/uploads\/2019\/12\/amis-biodome-logo-color.png","width":400,"height":222,"caption":"Les Amis du Biod\u00f4me"},"image":{"@id":"https:\/\/amisdubiodome.ca\/en\/#\/schema\/logo\/image\/"},"sameAs":["https:\/\/www.facebook.com\/lesamisdubiodome\/","https:\/\/www.instagram.com\/lesamisdubiodome\/","https:\/\/www.pinterest.ca\/lesamisdubiodome\/_created\/","https:\/\/www.youtube.com\/channel\/UCtB07WlMYzG6ZcNv5YCMDHg"]}]}},"_links":{"self":[{"href":"https:\/\/amisdubiodome.ca\/en\/wp-json\/wp\/v2\/pages\/64","targetHints":{"allow":["GET"]}}],"collection":[{"href":"https:\/\/amisdubiodome.ca\/en\/wp-json\/wp\/v2\/pages"}],"about":[{"href":"https:\/\/amisdubiodome.ca\/en\/wp-json\/wp\/v2\/types\/page"}],"author":[{"embeddable":true,"href":"https:\/\/amisdubiodome.ca\/en\/wp-json\/wp\/v2\/users\/341"}],"replies":[{"embeddable":true,"href":"https:\/\/amisdubiodome.ca\/en\/wp-json\/wp\/v2\/comments?post=64"}],"version-history":[{"count":0,"href":"https:\/\/amisdubiodome.ca\/en\/wp-json\/wp\/v2\/pages\/64\/revisions"}],"wp:attachment":[{"href":"https:\/\/amisdubiodome.ca\/en\/wp-json\/wp\/v2\/media?parent=64"}],"curies":[{"name":"wp","href":"https:\/\/api.w.org\/{rel}","templated":true}]}}