
{"id":60,"date":"2013-06-01T18:50:16","date_gmt":"2013-06-01T22:50:16","guid":{"rendered":"https:\/\/sabm.ca\/?page_id=60"},"modified":"2014-01-15T16:02:27","modified_gmt":"2014-01-15T21:02:27","slug":"board-of-directors","status":"publish","type":"page","link":"https:\/\/amisdubiodome.ca\/en\/board-of-directors\/","title":{"rendered":"Administration"},"content":{"rendered":"<p><strong>Board of Directors<\/strong><\/p>\n<p style=\"text-align: left; padding-left: 30px;\">The Board of Directors of the Friends of the Montreal Biod\u00f4me Society consists of seven people, five members of the Society and two representatives of the Biod\u00f4me. The Board meets regularly to oversee the overall functioning of the Friends of the Montreal Biod\u00f4me Society. The General Assembly takes place in March of each year.<\/p>\n<p><strong>Here is the list of members and representatives:<\/strong><\/p>\n<p style=\"padding-left: 30px;\">Jean R.Roy, President<br \/>\nMichel Delorme, Vice President<br \/>\nIsabelle Andr\u00e9, Secretary<br \/>\nJo\u00eblle Petit, Treasurer<br \/>\nPierre Molina, Administrator<br \/>\nSuzanne Boisvert, Representative of the Montreal Biod\u00f4me<br \/>\nJean Philippe Gagnon, Representative of the Montreal Biod\u00f4me<\/p>\n<p><strong>Word from the President<\/strong><\/p>\n<blockquote><p>Hello,<\/p>\n<p>All of us love to learn, observe, show, and even introduce others to what amazes us. What joy, during a visit to witness the gaze of the others (young and old) that shines in the discovery of the natural sciences, through one or another of the Biod\u00f4me&#8217;s ecosystems.<\/p>\n<p>You may therefore understand the pleasure experienced by the members of the Friends of the Montreal Biod\u00f4me Society who attend various activities during a year, some of which organized exclusively for them, where animators, veterinarians, aquaristes and the Biod\u00f4me scientists share with generosity and enthusiasm their professional experiences.<\/p>\n<p>We warmly invite you to join the Friends of the Montreal Biod\u00f4me Society. By having access to the Biod\u00f4me throughout the year, you will see life throughout the seasons, in each of the ecosystems.<\/p>\n<p>The Friends of the Montreal Biod\u00f4me Society, the \u201cSABM\u201d has proudly supported the Montreal Biod\u00f4me since March 30, 1992, hence a little more than twenty two years. This is no minor accomplishment! And this year, for the winter 2014 season, we are particularly pleased to welcome you with our new logo. We wanted a contemporary, current, image for our website, which also has been modernized and conveys todays tastes. We hope that you will find pleasure while browsing through and finding new activities.<\/p>\n<p>Wishing to stimulate your interest in knowledge, public education, scientific research, life sciences and the environment and promoting the Biod\u00f4me through innovative exhibits,<\/p>\n<p>Jean R. Roy<\/p><\/blockquote>\n","protected":false},"excerpt":{"rendered":"<p>Board of Directors The Board of Directors of the Friends of the Montreal Biod\u00f4me Society consists of seven people, five members of the Society and two representatives of the Biod\u00f4me. The Board meets regularly to oversee the overall functioning of the Friends of the Montreal Biod\u00f4me Society. The General Assembly takes place in March of [&hellip;]<\/p>\n","protected":false},"author":341,"featured_media":0,"parent":0,"menu_order":0,"comment_status":"closed","ping_status":"closed","template":"","meta":{"_acf_changed":false,"footnotes":""},"class_list":["post-60","page","type-page","status-publish","hentry"],"acf":[],"yoast_head":"<!-- This site is optimized with the Yoast SEO plugin v27.3 - https:\/\/yoast.com\/product\/yoast-seo-wordpress\/ -->\n<title>Administration - Friends of the Biod\u00f4me<\/title>\n<meta name=\"robots\" content=\"index, follow, max-snippet:-1, max-image-preview:large, max-video-preview:-1\" \/>\n<link rel=\"canonical\" href=\"https:\/\/amisdubiodome.ca\/en\/board-of-directors\/\" \/>\n<meta property=\"og:locale\" content=\"en_US\" \/>\n<meta property=\"og:type\" content=\"article\" \/>\n<meta property=\"og:title\" content=\"Administration - Friends of the Biod\u00f4me\" \/>\n<meta property=\"og:description\" content=\"Board of Directors The Board of Directors of the Friends of the Montreal Biod\u00f4me Society consists of seven people, five members of the Society and two representatives of the Biod\u00f4me. The Board meets regularly to oversee the overall functioning of the Friends of the Montreal Biod\u00f4me Society. The General Assembly takes place in March of [&hellip;]\" \/>\n<meta property=\"og:url\" content=\"https:\/\/amisdubiodome.ca\/en\/board-of-directors\/\" \/>\n<meta property=\"og:site_name\" content=\"Friends of the Biod\u00f4me\" \/>\n<meta property=\"article:publisher\" content=\"https:\/\/www.facebook.com\/lesamisdubiodome\/\" \/>\n<meta property=\"article:modified_time\" content=\"2014-01-15T21:02:27+00:00\" \/>\n<meta name=\"twitter:card\" content=\"summary_large_image\" \/>\n<meta name=\"twitter:label1\" content=\"Est. reading time\" \/>\n\t<meta name=\"twitter:data1\" content=\"2 minutes\" \/>\n<script type=\"application\/ld+json\" class=\"yoast-schema-graph\">{\"@context\":\"https:\\\/\\\/schema.org\",\"@graph\":[{\"@type\":\"WebPage\",\"@id\":\"https:\\\/\\\/amisdubiodome.ca\\\/en\\\/board-of-directors\\\/\",\"url\":\"https:\\\/\\\/amisdubiodome.ca\\\/en\\\/board-of-directors\\\/\",\"name\":\"Administration - Friends of the Biod\u00f4me\",\"isPartOf\":{\"@id\":\"https:\\\/\\\/amisdubiodome.ca\\\/en\\\/#website\"},\"datePublished\":\"2013-06-01T22:50:16+00:00\",\"dateModified\":\"2014-01-15T21:02:27+00:00\",\"breadcrumb\":{\"@id\":\"https:\\\/\\\/amisdubiodome.ca\\\/en\\\/board-of-directors\\\/#breadcrumb\"},\"inLanguage\":\"en-US\",\"potentialAction\":[{\"@type\":\"ReadAction\",\"target\":[\"https:\\\/\\\/amisdubiodome.ca\\\/en\\\/board-of-directors\\\/\"]}]},{\"@type\":\"BreadcrumbList\",\"@id\":\"https:\\\/\\\/amisdubiodome.ca\\\/en\\\/board-of-directors\\\/#breadcrumb\",\"itemListElement\":[{\"@type\":\"ListItem\",\"position\":1,\"name\":\"Accueil\",\"item\":\"https:\\\/\\\/amisdubiodome.ca\\\/en\\\/\"},{\"@type\":\"ListItem\",\"position\":2,\"name\":\"Administration\"}]},{\"@type\":\"WebSite\",\"@id\":\"https:\\\/\\\/amisdubiodome.ca\\\/en\\\/#website\",\"url\":\"https:\\\/\\\/amisdubiodome.ca\\\/en\\\/\",\"name\":\"Friends of the Biod\u00f4me\",\"description\":\"\",\"publisher\":{\"@id\":\"https:\\\/\\\/amisdubiodome.ca\\\/en\\\/#organization\"},\"potentialAction\":[{\"@type\":\"SearchAction\",\"target\":{\"@type\":\"EntryPoint\",\"urlTemplate\":\"https:\\\/\\\/amisdubiodome.ca\\\/en\\\/?s={search_term_string}\"},\"query-input\":{\"@type\":\"PropertyValueSpecification\",\"valueRequired\":true,\"valueName\":\"search_term_string\"}}],\"inLanguage\":\"en-US\"},{\"@type\":\"Organization\",\"@id\":\"https:\\\/\\\/amisdubiodome.ca\\\/en\\\/#organization\",\"name\":\"Les Amis du Biod\u00f4me\",\"url\":\"https:\\\/\\\/amisdubiodome.ca\\\/en\\\/\",\"logo\":{\"@type\":\"ImageObject\",\"inLanguage\":\"en-US\",\"@id\":\"https:\\\/\\\/amisdubiodome.ca\\\/en\\\/#\\\/schema\\\/logo\\\/image\\\/\",\"url\":\"https:\\\/\\\/amisdubiodome.ca\\\/wp-content\\\/uploads\\\/2019\\\/12\\\/amis-biodome-logo-color.png\",\"contentUrl\":\"https:\\\/\\\/amisdubiodome.ca\\\/wp-content\\\/uploads\\\/2019\\\/12\\\/amis-biodome-logo-color.png\",\"width\":400,\"height\":222,\"caption\":\"Les Amis du Biod\u00f4me\"},\"image\":{\"@id\":\"https:\\\/\\\/amisdubiodome.ca\\\/en\\\/#\\\/schema\\\/logo\\\/image\\\/\"},\"sameAs\":[\"https:\\\/\\\/www.facebook.com\\\/lesamisdubiodome\\\/\",\"https:\\\/\\\/www.instagram.com\\\/lesamisdubiodome\\\/\",\"https:\\\/\\\/www.pinterest.ca\\\/lesamisdubiodome\\\/_created\\\/\",\"https:\\\/\\\/www.youtube.com\\\/channel\\\/UCtB07WlMYzG6ZcNv5YCMDHg\"]}]}<\/script>\n<!-- \/ Yoast SEO plugin. -->","yoast_head_json":{"title":"Administration - Friends of the Biod\u00f4me","robots":{"index":"index","follow":"follow","max-snippet":"max-snippet:-1","max-image-preview":"max-image-preview:large","max-video-preview":"max-video-preview:-1"},"canonical":"https:\/\/amisdubiodome.ca\/en\/board-of-directors\/","og_locale":"en_US","og_type":"article","og_title":"Administration - Friends of the Biod\u00f4me","og_description":"Board of Directors The Board of Directors of the Friends of the Montreal Biod\u00f4me Society consists of seven people, five members of the Society and two representatives of the Biod\u00f4me. The Board meets regularly to oversee the overall functioning of the Friends of the Montreal Biod\u00f4me Society. The General Assembly takes place in March of [&hellip;]","og_url":"https:\/\/amisdubiodome.ca\/en\/board-of-directors\/","og_site_name":"Friends of the Biod\u00f4me","article_publisher":"https:\/\/www.facebook.com\/lesamisdubiodome\/","article_modified_time":"2014-01-15T21:02:27+00:00","twitter_card":"summary_large_image","twitter_misc":{"Est. reading time":"2 minutes"},"schema":{"@context":"https:\/\/schema.org","@graph":[{"@type":"WebPage","@id":"https:\/\/amisdubiodome.ca\/en\/board-of-directors\/","url":"https:\/\/amisdubiodome.ca\/en\/board-of-directors\/","name":"Administration - Friends of the Biod\u00f4me","isPartOf":{"@id":"https:\/\/amisdubiodome.ca\/en\/#website"},"datePublished":"2013-06-01T22:50:16+00:00","dateModified":"2014-01-15T21:02:27+00:00","breadcrumb":{"@id":"https:\/\/amisdubiodome.ca\/en\/board-of-directors\/#breadcrumb"},"inLanguage":"en-US","potentialAction":[{"@type":"ReadAction","target":["https:\/\/amisdubiodome.ca\/en\/board-of-directors\/"]}]},{"@type":"BreadcrumbList","@id":"https:\/\/amisdubiodome.ca\/en\/board-of-directors\/#breadcrumb","itemListElement":[{"@type":"ListItem","position":1,"name":"Accueil","item":"https:\/\/amisdubiodome.ca\/en\/"},{"@type":"ListItem","position":2,"name":"Administration"}]},{"@type":"WebSite","@id":"https:\/\/amisdubiodome.ca\/en\/#website","url":"https:\/\/amisdubiodome.ca\/en\/","name":"Friends of the Biod\u00f4me","description":"","publisher":{"@id":"https:\/\/amisdubiodome.ca\/en\/#organization"},"potentialAction":[{"@type":"SearchAction","target":{"@type":"EntryPoint","urlTemplate":"https:\/\/amisdubiodome.ca\/en\/?s={search_term_string}"},"query-input":{"@type":"PropertyValueSpecification","valueRequired":true,"valueName":"search_term_string"}}],"inLanguage":"en-US"},{"@type":"Organization","@id":"https:\/\/amisdubiodome.ca\/en\/#organization","name":"Les Amis du Biod\u00f4me","url":"https:\/\/amisdubiodome.ca\/en\/","logo":{"@type":"ImageObject","inLanguage":"en-US","@id":"https:\/\/amisdubiodome.ca\/en\/#\/schema\/logo\/image\/","url":"https:\/\/amisdubiodome.ca\/wp-content\/uploads\/2019\/12\/amis-biodome-logo-color.png","contentUrl":"https:\/\/amisdubiodome.ca\/wp-content\/uploads\/2019\/12\/amis-biodome-logo-color.png","width":400,"height":222,"caption":"Les Amis du Biod\u00f4me"},"image":{"@id":"https:\/\/amisdubiodome.ca\/en\/#\/schema\/logo\/image\/"},"sameAs":["https:\/\/www.facebook.com\/lesamisdubiodome\/","https:\/\/www.instagram.com\/lesamisdubiodome\/","https:\/\/www.pinterest.ca\/lesamisdubiodome\/_created\/","https:\/\/www.youtube.com\/channel\/UCtB07WlMYzG6ZcNv5YCMDHg"]}]}},"_links":{"self":[{"href":"https:\/\/amisdubiodome.ca\/en\/wp-json\/wp\/v2\/pages\/60","targetHints":{"allow":["GET"]}}],"collection":[{"href":"https:\/\/amisdubiodome.ca\/en\/wp-json\/wp\/v2\/pages"}],"about":[{"href":"https:\/\/amisdubiodome.ca\/en\/wp-json\/wp\/v2\/types\/page"}],"author":[{"embeddable":true,"href":"https:\/\/amisdubiodome.ca\/en\/wp-json\/wp\/v2\/users\/341"}],"replies":[{"embeddable":true,"href":"https:\/\/amisdubiodome.ca\/en\/wp-json\/wp\/v2\/comments?post=60"}],"version-history":[{"count":0,"href":"https:\/\/amisdubiodome.ca\/en\/wp-json\/wp\/v2\/pages\/60\/revisions"}],"wp:attachment":[{"href":"https:\/\/amisdubiodome.ca\/en\/wp-json\/wp\/v2\/media?parent=60"}],"curies":[{"name":"wp","href":"https:\/\/api.w.org\/{rel}","templated":true}]}}