
{"id":55,"date":"2013-06-01T18:49:36","date_gmt":"2013-06-01T22:49:36","guid":{"rendered":"https:\/\/sabm.ca\/?page_id=55"},"modified":"2019-03-27T12:13:45","modified_gmt":"2019-03-27T16:13:45","slug":"mission","status":"publish","type":"page","link":"https:\/\/amisdubiodome.ca\/en\/mission\/","title":{"rendered":"Mission"},"content":{"rendered":"<h3><a href=\"https:\/\/amisdubiodome.ca\/wp-content\/uploads\/2013\/10\/Hyacinthe-e1381524080679.jpg\"><img loading=\"lazy\" decoding=\"async\" class=\"alignnone size-full wp-image-1201\" src=\"https:\/\/amisdubiodome.ca\/wp-content\/uploads\/2013\/10\/Hyacinthe-e1381524080679.jpg\" alt=\"Hyacinthe\" width=\"800\" height=\"286\" srcset=\"https:\/\/amisdubiodome.ca\/wp-content\/uploads\/2013\/10\/Hyacinthe-e1381524080679.jpg 800w, https:\/\/amisdubiodome.ca\/wp-content\/uploads\/2013\/10\/Hyacinthe-e1381524080679-300x107.jpg 300w\" sizes=\"auto, (max-width: 800px) 100vw, 800px\" \/><\/a><\/h3>\n<p>Founded in 1992 by four avid nature lovers, the Society of Friends of the Montreal Biod\u00f4me gathers together those who have at heart the preservation of nature and through their membership subscription wish to support the Montreal Biod\u00f4me in its mission and activities<\/p>\n<h3>Our Mission<\/h3>\n<p style=\"padding-left: 30px;\">\u00a0The awareness and appreciation of the living world and to foster among its members, as well as the general public a consciousness directed to the protection, management and conservation of our natural heritage..<\/p>\n<h3>Objectives<\/h3>\n<ul>\n<li>Spread, from the Montreal Biod\u00f4me resources, knowledge on the ecology and the environment to its members and the general public;<\/li>\n<li>Introduce and popularize the various components of the Montreal Biod\u00f4me;<\/li>\n<li>Collect and manage funds (grants, sponsorships, donations) to ensure better development activities and notoriety of the Montreal Biod\u00f4me;<\/li>\n<li>Operate as appropriate on the behalf of the Montreal Biod\u00f4me, some public services.<\/li>\n<\/ul>\n<p>To read the <a href=\"\/?page_id=9580\">SABM Regulations<\/a> (only in french)<\/p>\n<h3>Examples of collaboration where the Friends of the Montr\u00e9al Biod\u00f4me\u00a0is involved\u00a0<span lang=\"en\">financially or through its management expertise\u00a0<\/span>:<\/h3>\n<p>&nbsp;<\/p>\n<p><strong>The Space for Life Day Camps<\/strong><\/p>\n<p style=\"padding-left: 30px;\">The Day Camps allow young nature lovers to enjoy a variety of educational activities related to the natural sciences.\u00a0\u00a0<span lang=\"en\">The SABM has been running the Biod\u00f4me Day Camp for a number of years and since 2018, the entire <a href=\"\/?page_id=842\">Space for Life Day Camps<\/a>.<\/span><\/p>\n<p id=\"tw-target-text\" class=\"tw-data-text tw-ta tw-text-small\" dir=\"ltr\" data-placeholder=\"Traduction\"><strong><span lang=\"en\">Restoration of coastal areas<\/span><\/strong><\/p>\n<p class=\"tw-data-text tw-ta tw-text-small\" dir=\"ltr\" data-placeholder=\"Traduction\"><span lang=\"en\">Project to reduce coastal erosion by installing reefs planted with macroalgae in the Gasp\u00e9sie-\u00celes-de-la-Madeleine region.<\/span><\/p>\n<p id=\"tw-target-text\" class=\"tw-data-text tw-ta tw-text-small\" dir=\"ltr\" data-placeholder=\"Traduction\"><strong><span lang=\"en\">Exchange of expertise for animal welfare<\/span><\/strong><\/p>\n<p class=\"tw-data-text tw-ta tw-text-small\" dir=\"ltr\" data-placeholder=\"Traduction\"><span lang=\"en\">Joint development of new approaches in environmental museology between Biod\u00f4mne de Montr\u00e9al and Oc\u00e9anopolis de Brest.<\/span><\/p>\n<p id=\"tw-target-text\" class=\"tw-data-text tw-ta tw-text-small\" dir=\"ltr\" data-placeholder=\"Traduction\"><strong><span lang=\"en\">Purchase of &#8220;<em>phyllobates terribilis<\/em>&#8221; <\/span><\/strong><\/p>\n<p class=\"tw-data-text tw-ta tw-text-small\" dir=\"ltr\" data-placeholder=\"Traduction\"><span lang=\"en\">Enrichment of the genetic pool of the population of &#8220;<em>phyllobates terribilis<\/em>&#8221; (small colored frog from the rainforest).<\/span><\/p>\n<p><strong>Birding Festival<\/strong><\/p>\n<p style=\"padding-left: 30px;\">Using a custom made identification guide and with the assistance of our ornithologist animators, students can find a wide variety of species of birds in the Biod\u00f4me&#8217;s ecosystems.<\/p>\n<p><strong>The Jellyfish Basin<\/strong><\/p>\n<p style=\"padding-left: 30px;\">Construction of a new aquatic space to present marine invertebrates and see the almost unknown species of our beautiful St. Lawrence.<\/p>\n<p><strong>The project SEM&#8217;AIL (Wild Garlic)<\/strong><\/p>\n<p style=\"padding-left: 30px;\">To support a project for the conservation and restoration of wild garlic , which in 1995 became the first officially designated vulnerable species in Quebec.<\/p>\n<p><strong>The sound inventory of bats<\/strong><\/p>\n<p style=\"padding-left: 30px;\">To support a research project. Four of the eight species living in Quebec are likely to be threatened.<\/p>\n<p><strong>The conservation project ginseng<\/strong><\/p>\n<p style=\"padding-left: 30px;\">This project proposes to develop and implement detailed plans for the protection and recovery of 20 ginseng sites of interest along with owners.<\/p>\n<p><strong>Etc, etc.\u00a0<\/strong><\/p>\n","protected":false},"excerpt":{"rendered":"<p>Founded in 1992 by four avid nature lovers, the Society of Friends of the Montreal Biod\u00f4me gathers together those who have at heart the preservation of nature and through their membership subscription wish to support the Montreal Biod\u00f4me in its mission and activities Our Mission \u00a0The awareness and appreciation of the living world and to [&hellip;]<\/p>\n","protected":false},"author":341,"featured_media":0,"parent":0,"menu_order":0,"comment_status":"closed","ping_status":"closed","template":"","meta":{"_acf_changed":false,"footnotes":""},"class_list":["post-55","page","type-page","status-publish","hentry"],"acf":[],"yoast_head":"<!-- This site is optimized with the Yoast SEO plugin v27.3 - https:\/\/yoast.com\/product\/yoast-seo-wordpress\/ -->\n<title>Mission - Friends of the Biod\u00f4me<\/title>\n<meta name=\"robots\" content=\"index, follow, max-snippet:-1, max-image-preview:large, max-video-preview:-1\" \/>\n<link rel=\"canonical\" href=\"https:\/\/amisdubiodome.ca\/en\/mission\/\" \/>\n<meta property=\"og:locale\" content=\"en_US\" \/>\n<meta property=\"og:type\" content=\"article\" \/>\n<meta property=\"og:title\" content=\"Mission - Friends of the Biod\u00f4me\" \/>\n<meta property=\"og:description\" content=\"Founded in 1992 by four avid nature lovers, the Society of Friends of the Montreal Biod\u00f4me gathers together those who have at heart the preservation of nature and through their membership subscription wish to support the Montreal Biod\u00f4me in its mission and activities Our Mission \u00a0The awareness and appreciation of the living world and to [&hellip;]\" \/>\n<meta property=\"og:url\" content=\"https:\/\/amisdubiodome.ca\/en\/mission\/\" \/>\n<meta property=\"og:site_name\" content=\"Friends of the Biod\u00f4me\" \/>\n<meta property=\"article:publisher\" content=\"https:\/\/www.facebook.com\/lesamisdubiodome\/\" \/>\n<meta property=\"article:modified_time\" content=\"2019-03-27T16:13:45+00:00\" \/>\n<meta property=\"og:image\" content=\"https:\/\/amisdubiodome.ca\/wp-content\/uploads\/2013\/10\/Hyacinthe-e1381524080679.jpg\" \/>\n<meta name=\"twitter:card\" content=\"summary_large_image\" \/>\n<meta name=\"twitter:label1\" content=\"Est. reading time\" \/>\n\t<meta name=\"twitter:data1\" content=\"2 minutes\" \/>\n<script type=\"application\/ld+json\" class=\"yoast-schema-graph\">{\"@context\":\"https:\\\/\\\/schema.org\",\"@graph\":[{\"@type\":\"WebPage\",\"@id\":\"https:\\\/\\\/amisdubiodome.ca\\\/en\\\/mission\\\/\",\"url\":\"https:\\\/\\\/amisdubiodome.ca\\\/en\\\/mission\\\/\",\"name\":\"Mission - Friends of the Biod\u00f4me\",\"isPartOf\":{\"@id\":\"https:\\\/\\\/amisdubiodome.ca\\\/en\\\/#website\"},\"primaryImageOfPage\":{\"@id\":\"https:\\\/\\\/amisdubiodome.ca\\\/en\\\/mission\\\/#primaryimage\"},\"image\":{\"@id\":\"https:\\\/\\\/amisdubiodome.ca\\\/en\\\/mission\\\/#primaryimage\"},\"thumbnailUrl\":\"https:\\\/\\\/amisdubiodome.ca\\\/wp-content\\\/uploads\\\/2013\\\/10\\\/Hyacinthe-e1381524080679.jpg\",\"datePublished\":\"2013-06-01T22:49:36+00:00\",\"dateModified\":\"2019-03-27T16:13:45+00:00\",\"breadcrumb\":{\"@id\":\"https:\\\/\\\/amisdubiodome.ca\\\/en\\\/mission\\\/#breadcrumb\"},\"inLanguage\":\"en-US\",\"potentialAction\":[{\"@type\":\"ReadAction\",\"target\":[\"https:\\\/\\\/amisdubiodome.ca\\\/en\\\/mission\\\/\"]}]},{\"@type\":\"ImageObject\",\"inLanguage\":\"en-US\",\"@id\":\"https:\\\/\\\/amisdubiodome.ca\\\/en\\\/mission\\\/#primaryimage\",\"url\":\"https:\\\/\\\/amisdubiodome.ca\\\/wp-content\\\/uploads\\\/2013\\\/10\\\/Hyacinthe-e1381524080679.jpg\",\"contentUrl\":\"https:\\\/\\\/amisdubiodome.ca\\\/wp-content\\\/uploads\\\/2013\\\/10\\\/Hyacinthe-e1381524080679.jpg\"},{\"@type\":\"BreadcrumbList\",\"@id\":\"https:\\\/\\\/amisdubiodome.ca\\\/en\\\/mission\\\/#breadcrumb\",\"itemListElement\":[{\"@type\":\"ListItem\",\"position\":1,\"name\":\"Accueil\",\"item\":\"https:\\\/\\\/amisdubiodome.ca\\\/en\\\/\"},{\"@type\":\"ListItem\",\"position\":2,\"name\":\"Mission\"}]},{\"@type\":\"WebSite\",\"@id\":\"https:\\\/\\\/amisdubiodome.ca\\\/en\\\/#website\",\"url\":\"https:\\\/\\\/amisdubiodome.ca\\\/en\\\/\",\"name\":\"Friends of the Biod\u00f4me\",\"description\":\"\",\"publisher\":{\"@id\":\"https:\\\/\\\/amisdubiodome.ca\\\/en\\\/#organization\"},\"potentialAction\":[{\"@type\":\"SearchAction\",\"target\":{\"@type\":\"EntryPoint\",\"urlTemplate\":\"https:\\\/\\\/amisdubiodome.ca\\\/en\\\/?s={search_term_string}\"},\"query-input\":{\"@type\":\"PropertyValueSpecification\",\"valueRequired\":true,\"valueName\":\"search_term_string\"}}],\"inLanguage\":\"en-US\"},{\"@type\":\"Organization\",\"@id\":\"https:\\\/\\\/amisdubiodome.ca\\\/en\\\/#organization\",\"name\":\"Les Amis du Biod\u00f4me\",\"url\":\"https:\\\/\\\/amisdubiodome.ca\\\/en\\\/\",\"logo\":{\"@type\":\"ImageObject\",\"inLanguage\":\"en-US\",\"@id\":\"https:\\\/\\\/amisdubiodome.ca\\\/en\\\/#\\\/schema\\\/logo\\\/image\\\/\",\"url\":\"https:\\\/\\\/amisdubiodome.ca\\\/wp-content\\\/uploads\\\/2019\\\/12\\\/amis-biodome-logo-color.png\",\"contentUrl\":\"https:\\\/\\\/amisdubiodome.ca\\\/wp-content\\\/uploads\\\/2019\\\/12\\\/amis-biodome-logo-color.png\",\"width\":400,\"height\":222,\"caption\":\"Les Amis du Biod\u00f4me\"},\"image\":{\"@id\":\"https:\\\/\\\/amisdubiodome.ca\\\/en\\\/#\\\/schema\\\/logo\\\/image\\\/\"},\"sameAs\":[\"https:\\\/\\\/www.facebook.com\\\/lesamisdubiodome\\\/\",\"https:\\\/\\\/www.instagram.com\\\/lesamisdubiodome\\\/\",\"https:\\\/\\\/www.pinterest.ca\\\/lesamisdubiodome\\\/_created\\\/\",\"https:\\\/\\\/www.youtube.com\\\/channel\\\/UCtB07WlMYzG6ZcNv5YCMDHg\"]}]}<\/script>\n<!-- \/ Yoast SEO plugin. -->","yoast_head_json":{"title":"Mission - Friends of the Biod\u00f4me","robots":{"index":"index","follow":"follow","max-snippet":"max-snippet:-1","max-image-preview":"max-image-preview:large","max-video-preview":"max-video-preview:-1"},"canonical":"https:\/\/amisdubiodome.ca\/en\/mission\/","og_locale":"en_US","og_type":"article","og_title":"Mission - Friends of the Biod\u00f4me","og_description":"Founded in 1992 by four avid nature lovers, the Society of Friends of the Montreal Biod\u00f4me gathers together those who have at heart the preservation of nature and through their membership subscription wish to support the Montreal Biod\u00f4me in its mission and activities Our Mission \u00a0The awareness and appreciation of the living world and to [&hellip;]","og_url":"https:\/\/amisdubiodome.ca\/en\/mission\/","og_site_name":"Friends of the Biod\u00f4me","article_publisher":"https:\/\/www.facebook.com\/lesamisdubiodome\/","article_modified_time":"2019-03-27T16:13:45+00:00","og_image":[{"url":"https:\/\/amisdubiodome.ca\/wp-content\/uploads\/2013\/10\/Hyacinthe-e1381524080679.jpg","type":"","width":"","height":""}],"twitter_card":"summary_large_image","twitter_misc":{"Est. reading time":"2 minutes"},"schema":{"@context":"https:\/\/schema.org","@graph":[{"@type":"WebPage","@id":"https:\/\/amisdubiodome.ca\/en\/mission\/","url":"https:\/\/amisdubiodome.ca\/en\/mission\/","name":"Mission - Friends of the Biod\u00f4me","isPartOf":{"@id":"https:\/\/amisdubiodome.ca\/en\/#website"},"primaryImageOfPage":{"@id":"https:\/\/amisdubiodome.ca\/en\/mission\/#primaryimage"},"image":{"@id":"https:\/\/amisdubiodome.ca\/en\/mission\/#primaryimage"},"thumbnailUrl":"https:\/\/amisdubiodome.ca\/wp-content\/uploads\/2013\/10\/Hyacinthe-e1381524080679.jpg","datePublished":"2013-06-01T22:49:36+00:00","dateModified":"2019-03-27T16:13:45+00:00","breadcrumb":{"@id":"https:\/\/amisdubiodome.ca\/en\/mission\/#breadcrumb"},"inLanguage":"en-US","potentialAction":[{"@type":"ReadAction","target":["https:\/\/amisdubiodome.ca\/en\/mission\/"]}]},{"@type":"ImageObject","inLanguage":"en-US","@id":"https:\/\/amisdubiodome.ca\/en\/mission\/#primaryimage","url":"https:\/\/amisdubiodome.ca\/wp-content\/uploads\/2013\/10\/Hyacinthe-e1381524080679.jpg","contentUrl":"https:\/\/amisdubiodome.ca\/wp-content\/uploads\/2013\/10\/Hyacinthe-e1381524080679.jpg"},{"@type":"BreadcrumbList","@id":"https:\/\/amisdubiodome.ca\/en\/mission\/#breadcrumb","itemListElement":[{"@type":"ListItem","position":1,"name":"Accueil","item":"https:\/\/amisdubiodome.ca\/en\/"},{"@type":"ListItem","position":2,"name":"Mission"}]},{"@type":"WebSite","@id":"https:\/\/amisdubiodome.ca\/en\/#website","url":"https:\/\/amisdubiodome.ca\/en\/","name":"Friends of the Biod\u00f4me","description":"","publisher":{"@id":"https:\/\/amisdubiodome.ca\/en\/#organization"},"potentialAction":[{"@type":"SearchAction","target":{"@type":"EntryPoint","urlTemplate":"https:\/\/amisdubiodome.ca\/en\/?s={search_term_string}"},"query-input":{"@type":"PropertyValueSpecification","valueRequired":true,"valueName":"search_term_string"}}],"inLanguage":"en-US"},{"@type":"Organization","@id":"https:\/\/amisdubiodome.ca\/en\/#organization","name":"Les Amis du Biod\u00f4me","url":"https:\/\/amisdubiodome.ca\/en\/","logo":{"@type":"ImageObject","inLanguage":"en-US","@id":"https:\/\/amisdubiodome.ca\/en\/#\/schema\/logo\/image\/","url":"https:\/\/amisdubiodome.ca\/wp-content\/uploads\/2019\/12\/amis-biodome-logo-color.png","contentUrl":"https:\/\/amisdubiodome.ca\/wp-content\/uploads\/2019\/12\/amis-biodome-logo-color.png","width":400,"height":222,"caption":"Les Amis du Biod\u00f4me"},"image":{"@id":"https:\/\/amisdubiodome.ca\/en\/#\/schema\/logo\/image\/"},"sameAs":["https:\/\/www.facebook.com\/lesamisdubiodome\/","https:\/\/www.instagram.com\/lesamisdubiodome\/","https:\/\/www.pinterest.ca\/lesamisdubiodome\/_created\/","https:\/\/www.youtube.com\/channel\/UCtB07WlMYzG6ZcNv5YCMDHg"]}]}},"_links":{"self":[{"href":"https:\/\/amisdubiodome.ca\/en\/wp-json\/wp\/v2\/pages\/55","targetHints":{"allow":["GET"]}}],"collection":[{"href":"https:\/\/amisdubiodome.ca\/en\/wp-json\/wp\/v2\/pages"}],"about":[{"href":"https:\/\/amisdubiodome.ca\/en\/wp-json\/wp\/v2\/types\/page"}],"author":[{"embeddable":true,"href":"https:\/\/amisdubiodome.ca\/en\/wp-json\/wp\/v2\/users\/341"}],"replies":[{"embeddable":true,"href":"https:\/\/amisdubiodome.ca\/en\/wp-json\/wp\/v2\/comments?post=55"}],"version-history":[{"count":0,"href":"https:\/\/amisdubiodome.ca\/en\/wp-json\/wp\/v2\/pages\/55\/revisions"}],"wp:attachment":[{"href":"https:\/\/amisdubiodome.ca\/en\/wp-json\/wp\/v2\/media?parent=55"}],"curies":[{"name":"wp","href":"https:\/\/api.w.org\/{rel}","templated":true}]}}