
{"id":161,"date":"2013-06-03T14:09:29","date_gmt":"2013-06-03T18:09:29","guid":{"rendered":"https:\/\/sabm.ca\/?page_id=161"},"modified":"2020-12-21T15:02:27","modified_gmt":"2020-12-21T20:02:27","slug":"des-nouvelles-de-la-sabm","status":"publish","type":"page","link":"https:\/\/amisdubiodome.ca\/en\/des-nouvelles-de-la-sabm\/","title":{"rendered":"Des nouvelles de la SABM"},"content":{"rendered":"\n<style type=\"text\/css\" data-created_by=\"avia_inline_auto\" id=\"style-css-av-k7ce5slz-dbcb03dd32ced891ff36a429023c25cb\">\n.avia-section.av-k7ce5slz-dbcb03dd32ced891ff36a429023c25cb .av-parallax .av-parallax-inner{\nbackground-repeat:no-repeat;\nbackground-image:url(https:\/\/amisdubiodome.ca\/wp-content\/uploads\/2020\/03\/BIO-000996.jpg);\nbackground-position:50% 0%;\nbackground-attachment:scroll;\n}\n<\/style>\n<div id='av_section_1'  class='avia-section av-k7ce5slz-dbcb03dd32ced891ff36a429023c25cb main_color avia-section-default avia-no-border-styling  avia-builder-el-0  el_before_av_textblock  avia-builder-el-first  avia-full-stretch av-parallax-section avia-bg-style-parallax av-minimum-height av-minimum-height-custom av-height-custom  container_wrap sidebar_right'  data-section-bg-repeat='stretch' data-av_minimum_height_px='350'><div class='av-parallax' data-avia-parallax-ratio='0.3' ><div class='av-parallax-inner main_color avia-full-stretch'><\/div><\/div><div class='container av-section-cont-open' style='height:350px'><main  role=\"main\" itemprop=\"mainContentOfPage\"  class='template-page content  av-content-small alpha units'><div class='post-entry post-entry-type-page post-entry-161'><div class='entry-content-wrapper clearfix'><\/div><\/div><\/main><!-- close content main element --><\/div><\/div><div id='after_section_1'  class='main_color av_default_container_wrap container_wrap sidebar_right'  ><div class='container av-section-cont-open' ><div class='template-page content  av-content-small alpha units'><div class='post-entry post-entry-type-page post-entry-161'><div class='entry-content-wrapper clearfix'>\n<section  class='av_textblock_section av-k5zs2mkl-eb6f815057cbd02eb242698f7ac3bca2 '   itemscope=\"itemscope\" itemtype=\"https:\/\/schema.org\/CreativeWork\" ><div class='avia_textblock'  itemprop=\"text\" ><p><strong>News from the friends of the Biodome\u00a0<\/strong><\/p>\n<p>Subscribe to the newsletter and stay informed about our new activities. You will also be able to find out more about the organization&#8217;s involvement projects, employment opportunities and exclusive offers.<\/p>\n\r\n<div id=\"wpv-view-layout-160\" class=\"js-wpv-view-layout js-wpv-layout-responsive js-wpv-view-layout-160\" data-viewnumber=\"160\" data-pagination=\"{&quot;id&quot;:160,&quot;query&quot;:&quot;normal&quot;,&quot;type&quot;:&quot;disabled&quot;,&quot;effect&quot;:&quot;fade&quot;,&quot;duration&quot;:500,&quot;speed&quot;:5,&quot;pause_on_hover&quot;:&quot;disabled&quot;,&quot;stop_rollover&quot;:&quot;false&quot;,&quot;cache_pages&quot;:&quot;enabled&quot;,&quot;preload_images&quot;:&quot;enabled&quot;,&quot;preload_pages&quot;:&quot;enabled&quot;,&quot;preload_reach&quot;:&quot;1&quot;,&quot;spinner&quot;:&quot;builtin&quot;,&quot;spinner_image&quot;:&quot;https:\/\/amisdubiodome.ca\/wp-content\/plugins\/wp-views\/embedded\/res\/img\/ajax-loader.gif&quot;,&quot;callback_next&quot;:&quot;&quot;,&quot;manage_history&quot;:&quot;disabled&quot;,&quot;has_controls_in_form&quot;:&quot;disabled&quot;,&quot;infinite_tolerance&quot;:0,&quot;max_pages&quot;:0,&quot;page&quot;:1,&quot;base_permalink&quot;:&quot;\/en\/wp-json\/wp\/v2\/pages\/161?wpv_view_count=160&amp;wpv_paged=WPV_PAGE_NUM&quot;,&quot;loop&quot;:{&quot;type&quot;:&quot;&quot;,&quot;name&quot;:&quot;&quot;,&quot;data&quot;:[],&quot;id&quot;:0}}\" data-permalink=\"\/en\/wp-json\/wp\/v2\/pages\/161?wpv_view_count=160\">\n\n\n\n   \n      <div class=\"news\"><\/div>\r\n<div class=\"news-amis\">\r\n\r\n<img decoding=\"async\" src=\"https:\/\/amisdubiodome.ca\/wp-content\/uploads\/2021\/04\/bourrache-wpcf_240x160.jpg\" title=\"bourrache\" class=\"attachment-custom alignleft\" style=\"margin: 0 20px 0 5px;\" \/><a href=\"https:\/\/amisdubiodome.ca\/en\/nouvelle\/adopt-a-tree-square\/\" style=\"font-size: 24px;\">Adopt a Tree Square!<\/a>\r\n<div class=\"news_date\">April 12th, 2021<\/div>\r\n<p>Adopt a Tree Square! ???? This year, the Friends of the Montr\u00e9al Biod\u00f4me have decided to join forces with the Mercier-Hochelaga-Maisonneuve eco-neighbourhood (\u00e9co-quartier) for its\u00a0tree square adoption project!\u00a0 Did you know? Every year in the Mercier-Hochelaga-Maisonneuve &#8230;<\/p>\n\r\n<div class=\"avia-button-wrap avia-button-right avia-builder-el-59 avia-builder-el-no-sibling \"><a class=\"avia-button avia-icon_select-no avia-color-custom avia-size-medium avia-position-right \" style=\"background-color: #00b9e7; border-color: #00B9E7; color: #ffffff;\" href=\"https:\/\/amisdubiodome.ca\/en\/nouvelle\/adopt-a-tree-square\/\"><span class=\"avia_iconbox_title\">Read More<\/span><\/a><\/div>\r\n<\/div>\n   \n      <div class=\"news\"><\/div>\r\n<div class=\"news-amis\">\r\n\r\n<img decoding=\"async\" src=\"https:\/\/amisdubiodome.ca\/wp-content\/uploads\/2020\/08\/2-1-wpcf_240x160.png\" title=\"2\" class=\"attachment-custom alignleft\" style=\"margin: 0 20px 0 5px;\" \/><a href=\"https:\/\/amisdubiodome.ca\/en\/nouvelle\/cans-for-corridors\/\" style=\"font-size: 24px;\">Cans for Corridors<\/a>\r\n<div class=\"news_date\">October 20th, 2020<\/div>\r\n<p>Cans for Corridors is a project started by the Instituto de Pesquisas Ecol\u00f3gicas or IP\u00ca (Ecological Research Institute), a conservation organization in Brazil that promotes the conservation of Brazilian biodiversity. The project involves collecting aluminum cans &#8230;<\/p>\n\r\n<div class=\"avia-button-wrap avia-button-right avia-builder-el-59 avia-builder-el-no-sibling \"><a class=\"avia-button avia-icon_select-no avia-color-custom avia-size-medium avia-position-right \" style=\"background-color: #00b9e7; border-color: #00B9E7; color: #ffffff;\" href=\"https:\/\/amisdubiodome.ca\/en\/nouvelle\/cans-for-corridors\/\"><span class=\"avia_iconbox_title\">Read More<\/span><\/a><\/div>\r\n<\/div>\n   \n      <div class=\"news\"><\/div>\r\n<div class=\"news-amis\">\r\n\r\n<img decoding=\"async\" src=\"https:\/\/amisdubiodome.ca\/wp-content\/uploads\/2020\/09\/20200825_135255-1.jpg\" class=\"attachment-custom alignleft\" style=\"margin: 0 20px 0 5px;\" \/><a href=\"https:\/\/amisdubiodome.ca\/en\/nouvelle\/welcome-to-our-new-administrators\/\" style=\"font-size: 24px;\">Welcome to our new administrators!<\/a>\r\n<div class=\"news_date\">September 29th, 2020<\/div>\r\n<p>Last Sunday, the Friends of the Biod\u00f4me held their annual general meeting on-line. Thank you for attending! We would like to take this opportunity to warmly welcome the new members on the Board of Directors\u00a0 \u00a0Marilou &#8230;<\/p>\n\r\n<div class=\"avia-button-wrap avia-button-right avia-builder-el-59 avia-builder-el-no-sibling \"><a class=\"avia-button avia-icon_select-no avia-color-custom avia-size-medium avia-position-right \" style=\"background-color: #00b9e7; border-color: #00B9E7; color: #ffffff;\" href=\"https:\/\/amisdubiodome.ca\/en\/nouvelle\/welcome-to-our-new-administrators\/\"><span class=\"avia_iconbox_title\">Read More<\/span><\/a><\/div>\r\n<\/div>\n   \n      <div class=\"news\"><\/div>\r\n<div class=\"news-amis\">\r\n\r\n<img decoding=\"async\" src=\"https:\/\/amisdubiodome.ca\/wp-content\/uploads\/2020\/09\/Copie-de-Programmation-2020-stories-1.png\" class=\"attachment-custom alignleft\" style=\"margin: 0 20px 0 5px;\" \/><a href=\"https:\/\/amisdubiodome.ca\/en\/nouvelle\/program-2020\/\" style=\"font-size: 24px;\">Program 2020<\/a>\r\n<div class=\"news_date\">September 29th, 2020<\/div>\r\n<p>We are proud to present our brand new program for 2020! Don\u2019t miss the exclusive activities we have for our members! Enjoy discovering the Biod\u00f4me in a new light! Psst! The activities for 2021 will be &#8230;<\/p>\n\r\n<div class=\"avia-button-wrap avia-button-right avia-builder-el-59 avia-builder-el-no-sibling \"><a class=\"avia-button avia-icon_select-no avia-color-custom avia-size-medium avia-position-right \" style=\"background-color: #00b9e7; border-color: #00B9E7; color: #ffffff;\" href=\"https:\/\/amisdubiodome.ca\/en\/nouvelle\/program-2020\/\"><span class=\"avia_iconbox_title\">Read More<\/span><\/a><\/div>\r\n<\/div>\n   \n      <div class=\"news\"><\/div>\r\n<div class=\"news-amis\">\r\n\r\n<img decoding=\"async\" src=\"https:\/\/amisdubiodome.ca\/wp-content\/uploads\/2020\/06\/20190908_135122-2-e1592860146927.jpg\" class=\"attachment-custom alignleft\" style=\"margin: 0 20px 0 5px;\" \/><a href=\"https:\/\/amisdubiodome.ca\/en\/nouvelle\/taking-biodiversity-to-heart\/\" style=\"font-size: 24px;\">Taking biodiversity to heart!<\/a>\r\n<div class=\"news_date\">June 22nd, 2020<\/div>\r\n<p>Buckthorn, a plant introduced to Qu\u00e9bec for its ornamental qualities, is an invasive species. It prevents the growth of indigenous plants and limits biodiversity in wooded areas. The project, led Biod\u00f4me biologist Claire Vasseur, is to &#8230;<\/p>\n\r\n<div class=\"avia-button-wrap avia-button-right avia-builder-el-59 avia-builder-el-no-sibling \"><a class=\"avia-button avia-icon_select-no avia-color-custom avia-size-medium avia-position-right \" style=\"background-color: #00b9e7; border-color: #00B9E7; color: #ffffff;\" href=\"https:\/\/amisdubiodome.ca\/en\/nouvelle\/taking-biodiversity-to-heart\/\"><span class=\"avia_iconbox_title\">Read More<\/span><\/a><\/div>\r\n<\/div>\n   \n      <div class=\"news\"><\/div>\r\n<div class=\"news-amis\">\r\n\r\n<img decoding=\"async\" src=\"https:\/\/amisdubiodome.ca\/wp-content\/uploads\/2020\/05\/3.jpg\" class=\"attachment-custom alignleft\" style=\"margin: 0 20px 0 5px;\" \/><a href=\"https:\/\/amisdubiodome.ca\/en\/nouvelle\/animals-of-all-colors\/\" style=\"font-size: 24px;\">Animals of all colors!<\/a>\r\n<div class=\"news_date\">May 8th, 2020<\/div>\r\n<p>The Friends of the Biod\u00f4me called upon Hubert Rondeau-L\u2019\u00c9cuyer, a talented young artist, to create colouring images. They represent some of our famous Biod\u00f4me animals! Click on the names below to download so you can colour &#8230;<\/p>\n\r\n<div class=\"avia-button-wrap avia-button-right avia-builder-el-59 avia-builder-el-no-sibling \"><a class=\"avia-button avia-icon_select-no avia-color-custom avia-size-medium avia-position-right \" style=\"background-color: #00b9e7; border-color: #00B9E7; color: #ffffff;\" href=\"https:\/\/amisdubiodome.ca\/en\/nouvelle\/animals-of-all-colors\/\"><span class=\"avia_iconbox_title\">Read More<\/span><\/a><\/div>\r\n<\/div>\n   \n      <div class=\"news\"><\/div>\r\n<div class=\"news-amis\">\r\n\r\n<img decoding=\"async\" src=\"https:\/\/amisdubiodome.ca\/wp-content\/uploads\/2015\/02\/animaux-14.jpg\" class=\"attachment-custom alignleft\" style=\"margin: 0 20px 0 5px;\" \/><a href=\"https:\/\/amisdubiodome.ca\/en\/nouvelle\/creating-winter\/\" style=\"font-size: 24px;\">Creating winter<\/a>\r\n<div class=\"news_date\">February 10th, 2015<\/div>\r\n<p>The Biodome ecosystems are\u00a0representation\u00a0of nature. Among\u00a0the advantages, we control the temperature, the wind is almost non-existent and it rains according to our needs (rain is simulated by watering plants run by horticulturists). To stimulate the natural &#8230;<\/p>\n\r\n<div class=\"avia-button-wrap avia-button-right avia-builder-el-59 avia-builder-el-no-sibling \"><a class=\"avia-button avia-icon_select-no avia-color-custom avia-size-medium avia-position-right \" style=\"background-color: #00b9e7; border-color: #00B9E7; color: #ffffff;\" href=\"https:\/\/amisdubiodome.ca\/en\/nouvelle\/creating-winter\/\"><span class=\"avia_iconbox_title\">Read More<\/span><\/a><\/div>\r\n<\/div>\n   \n      <div class=\"news\"><\/div>\r\n<div class=\"news-amis\">\r\n\r\n<img decoding=\"async\" src=\"https:\/\/amisdubiodome.ca\/wp-content\/uploads\/2014\/05\/allium_tricoccum_mt-wpcf_240x160.jpg\" title=\"allium_tricoccum_mt\" class=\"attachment-custom alignleft\" style=\"margin: 0 20px 0 5px;\" \/><a href=\"https:\/\/amisdubiodome.ca\/en\/nouvelle\/the-semail-jr-program\/\" style=\"font-size: 24px;\">The SEM&#8217;AIL jr. Program<\/a>\r\n<div class=\"news_date\">May 18th, 2014<\/div>\r\n<p>\u00a0SABM is proud to support the expansion of the SEM&#8217;AIL jr. program until August 2015 thus expanding the network of partners in the region and to increase the number of youth involved in the preservation of &#8230;<\/p>\n\r\n<div class=\"avia-button-wrap avia-button-right avia-builder-el-59 avia-builder-el-no-sibling \"><a class=\"avia-button avia-icon_select-no avia-color-custom avia-size-medium avia-position-right \" style=\"background-color: #00b9e7; border-color: #00B9E7; color: #ffffff;\" href=\"https:\/\/amisdubiodome.ca\/en\/nouvelle\/the-semail-jr-program\/\"><span class=\"avia_iconbox_title\">Read More<\/span><\/a><\/div>\r\n<\/div>\n   \n      <div class=\"news\"><\/div>\r\n<div class=\"news-amis\">\r\n\r\n<img decoding=\"async\" src=\"https:\/\/amisdubiodome.ca\/wp-content\/uploads\/2014\/01\/img_9332-e1388948891554-wpcf_240x160.jpg\" title=\"G.sauteur + aquariste\" class=\"attachment-custom alignleft\" style=\"margin: 0 20px 0 5px;\" \/><a href=\"https:\/\/amisdubiodome.ca\/en\/nouvelle\/the-first-steps-of-a-rockhopper-penguin\/\" style=\"font-size: 24px;\">The First Steps of a Rockhopper Penguin<\/a>\r\n<div class=\"news_date\">January 2nd, 2014<\/div>\r\n<p>Rockhopper Penguin A Rockhopper Penguin born on October 13 is about to make its debut in the great basin. Fed by its parents until the age of 40 days, the chick was then isolated from the &#8230;<\/p>\n\r\n<div class=\"avia-button-wrap avia-button-right avia-builder-el-59 avia-builder-el-no-sibling \"><a class=\"avia-button avia-icon_select-no avia-color-custom avia-size-medium avia-position-right \" style=\"background-color: #00b9e7; border-color: #00B9E7; color: #ffffff;\" href=\"https:\/\/amisdubiodome.ca\/en\/nouvelle\/the-first-steps-of-a-rockhopper-penguin\/\"><span class=\"avia_iconbox_title\">Read More<\/span><\/a><\/div>\r\n<\/div>\n   \n      <div class=\"news\"><\/div>\r\n<div class=\"news-amis\">\r\n\r\n<img decoding=\"async\" src=\"https:\/\/amisdubiodome.ca\/wp-content\/uploads\/2013\/12\/1491493_10152196848719705_1329746212_o-e1387568120293-wpcf_240x160.jpg\" title=\"1491493_10152196848719705_1329746212_o\" class=\"attachment-custom alignleft\" style=\"margin: 0 20px 0 5px;\" \/><a href=\"https:\/\/amisdubiodome.ca\/en\/nouvelle\/its-snowing-at-the-biodome\/\" style=\"font-size: 24px;\">It&#8217;s snowing at the Biodome<\/a>\r\n<div class=\"news_date\">December 20th, 2013<\/div>\r\n<p>Canada Lynx The Biod\u00f4me is a place where we try to recreate nature. To ensure a stimulating environment, the animal attendants of the Laurentian Maple Forest will add to snow in animal habitats. And, when conditions &#8230;<\/p>\n\r\n<div class=\"avia-button-wrap avia-button-right avia-builder-el-59 avia-builder-el-no-sibling \"><a class=\"avia-button avia-icon_select-no avia-color-custom avia-size-medium avia-position-right \" style=\"background-color: #00b9e7; border-color: #00B9E7; color: #ffffff;\" href=\"https:\/\/amisdubiodome.ca\/en\/nouvelle\/its-snowing-at-the-biodome\/\"><span class=\"avia_iconbox_title\">Read More<\/span><\/a><\/div>\r\n<\/div>\n   \n      <div class=\"news\"><\/div>\r\n<div class=\"news-amis\">\r\n\r\n<img decoding=\"async\" src=\"https:\/\/amisdubiodome.ca\/wp-content\/uploads\/2013\/09\/calliste-diable-enrhum-e1380674756374-wpcf_240x160.jpg\" title=\"calliste-diable-enrhum\u00e9-e1380674756374\" class=\"attachment-custom alignleft\" style=\"margin: 0 20px 0 5px;\" \/><a href=\"https:\/\/amisdubiodome.ca\/en\/nouvelle\/new-born-in-the-tropical-forest\/\" style=\"font-size: 24px;\">New born in the Tropical forest<\/a>\r\n<div class=\"news_date\">September 17th, 2013<\/div>\r\n<p>Turquoise tanager Since few weeks, the birds community is larger. A couple of Turquoise Tanager (tangara mexicana) have breed successfully. The brood of two chicks is now about to be completely fledged. The immatures (yet unknown &#8230;<\/p>\n\r\n<div class=\"avia-button-wrap avia-button-right avia-builder-el-59 avia-builder-el-no-sibling \"><a class=\"avia-button avia-icon_select-no avia-color-custom avia-size-medium avia-position-right \" style=\"background-color: #00b9e7; border-color: #00B9E7; color: #ffffff;\" href=\"https:\/\/amisdubiodome.ca\/en\/nouvelle\/new-born-in-the-tropical-forest\/\"><span class=\"avia_iconbox_title\">Read More<\/span><\/a><\/div>\r\n<\/div>\n   \n      <div class=\"news\"><\/div>\r\n<div class=\"news-amis\">\r\n\r\n<img decoding=\"async\" src=\"https:\/\/amisdubiodome.ca\/wp-content\/uploads\/2013\/07\/Hocco-2-wpcf_240x160.jpg\" title=\"Hocco 2\" class=\"attachment-custom alignleft\" style=\"margin: 0 20px 0 5px;\" \/><a href=\"https:\/\/amisdubiodome.ca\/en\/nouvelle\/nickel-poisoning\/\" style=\"font-size: 24px;\">Zinc Poisoning<\/a>\r\n<div class=\"news_date\">July 18th, 2013<\/div>\r\n<p>Northern Helmeted Curassow. Our Curassow had a narrow escape. A few weeks ago one of our animal custodians noticed that the Curassow was not moving as usual. He seemed to have mobility problems and lost his &#8230;<\/p>\n\r\n<div class=\"avia-button-wrap avia-button-right avia-builder-el-59 avia-builder-el-no-sibling \"><a class=\"avia-button avia-icon_select-no avia-color-custom avia-size-medium avia-position-right \" style=\"background-color: #00b9e7; border-color: #00B9E7; color: #ffffff;\" href=\"https:\/\/amisdubiodome.ca\/en\/nouvelle\/nickel-poisoning\/\"><span class=\"avia_iconbox_title\">Read More<\/span><\/a><\/div>\r\n<\/div>\n   \n\n\n\n\n<\/div>\n\n\n\n\r\n\n<\/div><\/section>\n","protected":false},"excerpt":{"rendered":"","protected":false},"author":341,"featured_media":0,"parent":0,"menu_order":0,"comment_status":"closed","ping_status":"closed","template":"","meta":{"_acf_changed":false,"footnotes":""},"class_list":["post-161","page","type-page","status-publish","hentry"],"acf":[],"yoast_head":"<!-- This site is optimized with the Yoast SEO plugin v27.4 - https:\/\/yoast.com\/product\/yoast-seo-wordpress\/ -->\n<title>Des nouvelles de la SABM - Friends of the Biod\u00f4me<\/title>\n<meta name=\"robots\" content=\"index, follow, max-snippet:-1, max-image-preview:large, max-video-preview:-1\" \/>\n<link rel=\"canonical\" href=\"https:\/\/amisdubiodome.ca\/en\/des-nouvelles-de-la-sabm\/\" \/>\n<meta property=\"og:locale\" content=\"en_US\" \/>\n<meta property=\"og:type\" content=\"article\" \/>\n<meta property=\"og:title\" content=\"Des nouvelles de la SABM - Friends of the Biod\u00f4me\" \/>\n<meta property=\"og:url\" content=\"https:\/\/amisdubiodome.ca\/en\/des-nouvelles-de-la-sabm\/\" \/>\n<meta property=\"og:site_name\" content=\"Friends of the Biod\u00f4me\" \/>\n<meta property=\"article:publisher\" content=\"https:\/\/www.facebook.com\/lesamisdubiodome\/\" \/>\n<meta property=\"article:modified_time\" content=\"2020-12-21T20:02:27+00:00\" \/>\n<meta name=\"twitter:card\" content=\"summary_large_image\" \/>\n<meta name=\"twitter:label1\" content=\"Est. reading time\" \/>\n\t<meta name=\"twitter:data1\" content=\"1 minute\" \/>\n<script type=\"application\/ld+json\" class=\"yoast-schema-graph\">{\"@context\":\"https:\\\/\\\/schema.org\",\"@graph\":[{\"@type\":\"WebPage\",\"@id\":\"https:\\\/\\\/amisdubiodome.ca\\\/en\\\/des-nouvelles-de-la-sabm\\\/\",\"url\":\"https:\\\/\\\/amisdubiodome.ca\\\/en\\\/des-nouvelles-de-la-sabm\\\/\",\"name\":\"Des nouvelles de la SABM - Friends of the Biod\u00f4me\",\"isPartOf\":{\"@id\":\"https:\\\/\\\/amisdubiodome.ca\\\/en\\\/#website\"},\"datePublished\":\"2013-06-03T18:09:29+00:00\",\"dateModified\":\"2020-12-21T20:02:27+00:00\",\"breadcrumb\":{\"@id\":\"https:\\\/\\\/amisdubiodome.ca\\\/en\\\/des-nouvelles-de-la-sabm\\\/#breadcrumb\"},\"inLanguage\":\"en-US\",\"potentialAction\":[{\"@type\":\"ReadAction\",\"target\":[\"https:\\\/\\\/amisdubiodome.ca\\\/en\\\/des-nouvelles-de-la-sabm\\\/\"]}]},{\"@type\":\"BreadcrumbList\",\"@id\":\"https:\\\/\\\/amisdubiodome.ca\\\/en\\\/des-nouvelles-de-la-sabm\\\/#breadcrumb\",\"itemListElement\":[{\"@type\":\"ListItem\",\"position\":1,\"name\":\"Accueil\",\"item\":\"https:\\\/\\\/amisdubiodome.ca\\\/en\\\/\"},{\"@type\":\"ListItem\",\"position\":2,\"name\":\"Des nouvelles de la SABM\"}]},{\"@type\":\"WebSite\",\"@id\":\"https:\\\/\\\/amisdubiodome.ca\\\/en\\\/#website\",\"url\":\"https:\\\/\\\/amisdubiodome.ca\\\/en\\\/\",\"name\":\"Friends of the Biod\u00f4me\",\"description\":\"\",\"publisher\":{\"@id\":\"https:\\\/\\\/amisdubiodome.ca\\\/en\\\/#organization\"},\"potentialAction\":[{\"@type\":\"SearchAction\",\"target\":{\"@type\":\"EntryPoint\",\"urlTemplate\":\"https:\\\/\\\/amisdubiodome.ca\\\/en\\\/?s={search_term_string}\"},\"query-input\":{\"@type\":\"PropertyValueSpecification\",\"valueRequired\":true,\"valueName\":\"search_term_string\"}}],\"inLanguage\":\"en-US\"},{\"@type\":\"Organization\",\"@id\":\"https:\\\/\\\/amisdubiodome.ca\\\/en\\\/#organization\",\"name\":\"Les Amis du Biod\u00f4me\",\"url\":\"https:\\\/\\\/amisdubiodome.ca\\\/en\\\/\",\"logo\":{\"@type\":\"ImageObject\",\"inLanguage\":\"en-US\",\"@id\":\"https:\\\/\\\/amisdubiodome.ca\\\/en\\\/#\\\/schema\\\/logo\\\/image\\\/\",\"url\":\"https:\\\/\\\/amisdubiodome.ca\\\/wp-content\\\/uploads\\\/2019\\\/12\\\/amis-biodome-logo-color.png\",\"contentUrl\":\"https:\\\/\\\/amisdubiodome.ca\\\/wp-content\\\/uploads\\\/2019\\\/12\\\/amis-biodome-logo-color.png\",\"width\":400,\"height\":222,\"caption\":\"Les Amis du Biod\u00f4me\"},\"image\":{\"@id\":\"https:\\\/\\\/amisdubiodome.ca\\\/en\\\/#\\\/schema\\\/logo\\\/image\\\/\"},\"sameAs\":[\"https:\\\/\\\/www.facebook.com\\\/lesamisdubiodome\\\/\",\"https:\\\/\\\/www.instagram.com\\\/lesamisdubiodome\\\/\",\"https:\\\/\\\/www.pinterest.ca\\\/lesamisdubiodome\\\/_created\\\/\",\"https:\\\/\\\/www.youtube.com\\\/channel\\\/UCtB07WlMYzG6ZcNv5YCMDHg\"]}]}<\/script>\n<!-- \/ Yoast SEO plugin. -->","yoast_head_json":{"title":"Des nouvelles de la SABM - Friends of the Biod\u00f4me","robots":{"index":"index","follow":"follow","max-snippet":"max-snippet:-1","max-image-preview":"max-image-preview:large","max-video-preview":"max-video-preview:-1"},"canonical":"https:\/\/amisdubiodome.ca\/en\/des-nouvelles-de-la-sabm\/","og_locale":"en_US","og_type":"article","og_title":"Des nouvelles de la SABM - Friends of the Biod\u00f4me","og_url":"https:\/\/amisdubiodome.ca\/en\/des-nouvelles-de-la-sabm\/","og_site_name":"Friends of the Biod\u00f4me","article_publisher":"https:\/\/www.facebook.com\/lesamisdubiodome\/","article_modified_time":"2020-12-21T20:02:27+00:00","twitter_card":"summary_large_image","twitter_misc":{"Est. reading time":"1 minute"},"schema":{"@context":"https:\/\/schema.org","@graph":[{"@type":"WebPage","@id":"https:\/\/amisdubiodome.ca\/en\/des-nouvelles-de-la-sabm\/","url":"https:\/\/amisdubiodome.ca\/en\/des-nouvelles-de-la-sabm\/","name":"Des nouvelles de la SABM - Friends of the Biod\u00f4me","isPartOf":{"@id":"https:\/\/amisdubiodome.ca\/en\/#website"},"datePublished":"2013-06-03T18:09:29+00:00","dateModified":"2020-12-21T20:02:27+00:00","breadcrumb":{"@id":"https:\/\/amisdubiodome.ca\/en\/des-nouvelles-de-la-sabm\/#breadcrumb"},"inLanguage":"en-US","potentialAction":[{"@type":"ReadAction","target":["https:\/\/amisdubiodome.ca\/en\/des-nouvelles-de-la-sabm\/"]}]},{"@type":"BreadcrumbList","@id":"https:\/\/amisdubiodome.ca\/en\/des-nouvelles-de-la-sabm\/#breadcrumb","itemListElement":[{"@type":"ListItem","position":1,"name":"Accueil","item":"https:\/\/amisdubiodome.ca\/en\/"},{"@type":"ListItem","position":2,"name":"Des nouvelles de la SABM"}]},{"@type":"WebSite","@id":"https:\/\/amisdubiodome.ca\/en\/#website","url":"https:\/\/amisdubiodome.ca\/en\/","name":"Friends of the Biod\u00f4me","description":"","publisher":{"@id":"https:\/\/amisdubiodome.ca\/en\/#organization"},"potentialAction":[{"@type":"SearchAction","target":{"@type":"EntryPoint","urlTemplate":"https:\/\/amisdubiodome.ca\/en\/?s={search_term_string}"},"query-input":{"@type":"PropertyValueSpecification","valueRequired":true,"valueName":"search_term_string"}}],"inLanguage":"en-US"},{"@type":"Organization","@id":"https:\/\/amisdubiodome.ca\/en\/#organization","name":"Les Amis du Biod\u00f4me","url":"https:\/\/amisdubiodome.ca\/en\/","logo":{"@type":"ImageObject","inLanguage":"en-US","@id":"https:\/\/amisdubiodome.ca\/en\/#\/schema\/logo\/image\/","url":"https:\/\/amisdubiodome.ca\/wp-content\/uploads\/2019\/12\/amis-biodome-logo-color.png","contentUrl":"https:\/\/amisdubiodome.ca\/wp-content\/uploads\/2019\/12\/amis-biodome-logo-color.png","width":400,"height":222,"caption":"Les Amis du Biod\u00f4me"},"image":{"@id":"https:\/\/amisdubiodome.ca\/en\/#\/schema\/logo\/image\/"},"sameAs":["https:\/\/www.facebook.com\/lesamisdubiodome\/","https:\/\/www.instagram.com\/lesamisdubiodome\/","https:\/\/www.pinterest.ca\/lesamisdubiodome\/_created\/","https:\/\/www.youtube.com\/channel\/UCtB07WlMYzG6ZcNv5YCMDHg"]}]}},"_links":{"self":[{"href":"https:\/\/amisdubiodome.ca\/en\/wp-json\/wp\/v2\/pages\/161","targetHints":{"allow":["GET"]}}],"collection":[{"href":"https:\/\/amisdubiodome.ca\/en\/wp-json\/wp\/v2\/pages"}],"about":[{"href":"https:\/\/amisdubiodome.ca\/en\/wp-json\/wp\/v2\/types\/page"}],"author":[{"embeddable":true,"href":"https:\/\/amisdubiodome.ca\/en\/wp-json\/wp\/v2\/users\/341"}],"replies":[{"embeddable":true,"href":"https:\/\/amisdubiodome.ca\/en\/wp-json\/wp\/v2\/comments?post=161"}],"version-history":[{"count":0,"href":"https:\/\/amisdubiodome.ca\/en\/wp-json\/wp\/v2\/pages\/161\/revisions"}],"wp:attachment":[{"href":"https:\/\/amisdubiodome.ca\/en\/wp-json\/wp\/v2\/media?parent=161"}],"curies":[{"name":"wp","href":"https:\/\/api.w.org\/{rel}","templated":true}]}}